{"id":15,"date":"2013-04-25T01:59:04","date_gmt":"2013-04-25T06:59:04","guid":{"rendered":"https:\/\/mylocalhost\/?page_id=15"},"modified":"2020-09-08T09:28:54","modified_gmt":"2020-09-08T16:28:54","slug":"testimonials","status":"publish","type":"page","link":"https:\/\/www.911restorationtexashillcountry.com\/es\/testimonials\/","title":{"rendered":"Testimonios"},"content":{"rendered":"<p>Con m\u00e1s de 30 a\u00f1os de experiencia en la industria de la restauraci\u00f3n, 911 Restoration ha acumulado una gran cartera de clientes satisfechos y deseosos de compartir su experiencia positiva con usted.<\/p>\n<p>Dado que brindamos una amplia gama de servicios, nuestros clientes var\u00edan e incluyen todas las entidades personales, comerciales y gubernamentales:<\/p>\n<ul>\n<li>Celebridades y VIP<\/li>\n<li>Propietarios, administradores e inquilinos<\/li>\n<li>Sociedades gestoras y propietarios de edificios de grandes complejos<\/li>\n<li>Grandes corporaciones, compa\u00f1\u00edas de seguros y bancos.<\/li>\n<\/ul>\n<div class=\"videobox\">\n<div id=\"one\" class=\"testivideo\"><iframe loading=\"lazy\" src=\"https:\/\/www.youtube.com\/embed\/tjxQ2x-HGsI\" width=\"380\" height=\"285\" frameborder=\"0\" allowfullscreen=\"allowfullscreen\"><\/iframe><\/div>\n<div id=\"two\" class=\"testivideo\"><iframe loading=\"lazy\" src=\"https:\/\/www.youtube.com\/embed\/DsV86DnA1YA\" width=\"380\" height=\"285\" frameborder=\"0\" allowfullscreen=\"allowfullscreen\"><\/iframe><\/div>\n<div class=\"testivideo\"><\/div>\n<div class=\"clear\"><\/div>\n<\/div>\n<div class=\"testi_item translation-block\"><img class=\"alignnone size-medium wp-image-120\" src=\"https:\/\/www.911restorationtexashillcountry.com\/wp-content\/uploads\/2013\/04\/raveis-properties-300x52.jpg\" alt=\"raveis-properties\" width=\"300\" height=\"52\"><br>\n<strong>Propiedades de William Raveis en Nueva Inglaterra<\/strong> \u2022 \u201cHe estado utilizando 911 Restoration durante el \u00faltimo a\u00f1o para todos mis servicios de restauraci\u00f3n. Han sido de gran ayuda para eliminar cualquier moho, da\u00f1o por incendio y da\u00f1o por agua que hayamos encontrado en cualquiera de nuestras propiedades enumeradas\u201d. <a href=\"https:\/\/www.911restorationtexashillcountry.com\/wp-content\/uploads\/2013\/04\/raveis-properties-letter.jpg\" target=\"_blank\" rel=\"gallery\" class=\"imagen de fancybox\">Haga clic para ver la letra original<\/a>.<\/div>\n<div class=\"testi_item translation-block\"><img class=\"alignnone size-full wp-image-122\" src=\"https:\/\/www.911restorationtexashillcountry.com\/wp-content\/uploads\/2013\/04\/st-andrew-church.jpg\" alt=\"iglesia-san-andrew\" width=\"110\" height=\"100\"><br>\n<strong>Iglesia de Saint Andrews en San Francisco<\/strong> \u2022 \u201cA \u00faltima hora de la tarde del 4 de julio de 2008 se produjo un incendio en la cocina de nuestra iglesia. A la ma\u00f1ana siguiente, 911 Restoration estaba en el sitio con un gran equipo trabajando para minimizar el da\u00f1o del humo mediante su r\u00e1pida respuesta al incidente. Continuaron trabajando diligentemente durante todo el fin de semana y hasta que se complet\u00f3 el proyecto\u201d. <a href=\"https:\/\/www.911restorationtexashillcountry.com\/wp-content\/uploads\/2013\/04\/st-andrew-church-letter.jpg\" target=\"_self\" class=\"imagen de fancybox\" rel=\"galer\u00eda \">Haga clic para ver la letra original<\/a>.<\/div>\n<div class=\"testi_item translation-block\"><img loading=\"lazy\" class=\"alignnone size-full wp-image-119\" src=\"https:\/\/www.911restorationtexashillcountry.com\/wp-content\/uploads\/2013\/04\/bookshop.jpg\" alt=\"librer\u00eda\" width=\"238\" height=\"60\"><br>\n<strong>Librer\u00eda Galveston en Texas<\/strong> \u2022 Cuando Ike choc\u00f3 contra los abrigos de Galveston en septiembre de 2008, la mayor\u00eda de las casas y establecimientos sufrieron inundaciones, techos y da\u00f1os importantes por agua. 911 Restoration estuvo all\u00ed para ayudar con la dif\u00edcil tarea de restauraci\u00f3n, ayudando a la librer\u00eda m\u00e1s grande y antigua de Galveston, \u201cThe Galveston Bookshop\u201d, entre otros negocios. La librer\u00eda sufri\u00f3 una p\u00e9rdida importante pero el 911 logr\u00f3 minimizar los da\u00f1os. Aparecemos <a href=\"http:\/\/www.galvestonbookshop.com\/ike.htm\" target=\"_blank\" rel=\"noopener noreferrer\">en el sitio web de la librer\u00eda<\/a> y <a href=\"http:\/\/jhvonline.com\/jewishowned-galveston-bookshop-near-total-loss-after-hurricane-ike-p5379-240.htm\" target=\"_blank\" rel=\"noopener noreferrer\">the Jewish Herald<\/a> cubierto la historia tambi\u00e9n.<\/div>\n<div class=\"testi_item translation-block\"><img loading=\"lazy\" class=\"alignnone size-full wp-image-121\" src=\"https:\/\/www.911restorationtexashillcountry.com\/wp-content\/uploads\/2013\/04\/sbc.jpg\" alt=\"sbc\"><br>\nS. Benjamins and Company, Inc.<\/strong> \u2022 \u201cQuiero agradecerles a ambos por toda su ayuda. Realmente marcaste una gran diferencia y aliviaste una mala situaci\u00f3n. Espero que tengamos la oportunidad de trabajar juntos nuevamente en circunstancias m\u00e1s positivas\u201d. <a href=\"https:\/\/www.911restorationtexashillcountry.com\/wp-content\/uploads\/2013\/04\/sbc-letter.jpg\" target=\"_self\" class=\"imagen de fancybox\" rel=\"galer\u00eda\">Haga clic para ver la carta original<\/a>.<\/div>\n<p>&nbsp;<\/p>\n<p>&nbsp;<\/p>","protected":false},"excerpt":{"rendered":"<p>With over 30 years of experience in the restoration industry, 911 Restoration has accumulated a large portfolio of satisfied customers eager to share their positive experience with you. Since we provide a very vast array of services, our customers vary and include all personal, business and government entities: Celebrities and VIPs Property owners, managers and [&hellip;]<\/p>\n","protected":false},"author":2,"featured_media":0,"parent":0,"menu_order":0,"comment_status":"closed","ping_status":"open","template":"page-testimonial.php","meta":{"_acf_changed":false,"footnotes":""},"class_list":["post-15","page","type-page","status-publish","hentry"],"acf":[],"yoast_head":"<!-- This site is optimized with the Yoast SEO plugin v26.8 - https:\/\/yoast.com\/product\/yoast-seo-wordpress\/ -->\n<title>Testimonials - Texas Hill Country<\/title>\n<meta name=\"robots\" content=\"index, follow, max-snippet:-1, max-image-preview:large, max-video-preview:-1\" \/>\n<link rel=\"canonical\" href=\"https:\/\/www.911restorationtexashillcountry.com\/es\/testimonials\/\" \/>\n<meta name=\"twitter:label1\" content=\"Tiempo de lectura\" \/>\n\t<meta name=\"twitter:data1\" content=\"2 minutos\" \/>\n<!-- \/ Yoast SEO plugin. -->","yoast_head_json":{"title":"Testimonials - Texas Hill Country","robots":{"index":"index","follow":"follow","max-snippet":"max-snippet:-1","max-image-preview":"max-image-preview:large","max-video-preview":"max-video-preview:-1"},"canonical":"https:\/\/www.911restorationtexashillcountry.com\/es\/testimonials\/","twitter_misc":{"Tiempo de lectura":"2 minutos"},"schema":{"@context":"https:\/\/schema.org","@graph":[{"@type":"WebPage","@id":"https:\/\/www.911restorationtexashillcountry.com\/testimonials\/","url":"https:\/\/www.911restorationtexashillcountry.com\/testimonials\/","name":"Testimonials - Texas Hill Country","isPartOf":{"@id":"https:\/\/www.911restorationtexashillcountry.com\/#website"},"primaryImageOfPage":{"@id":"https:\/\/www.911restorationtexashillcountry.com\/testimonials\/#primaryimage"},"image":{"@id":"https:\/\/www.911restorationtexashillcountry.com\/testimonials\/#primaryimage"},"thumbnailUrl":"https:\/\/www.911restorationtexashillcountry.com\/wp-content\/uploads\/2013\/04\/raveis-properties-300x52.jpg","datePublished":"2013-04-25T06:59:04+00:00","dateModified":"2020-09-08T16:28:54+00:00","breadcrumb":{"@id":"https:\/\/www.911restorationtexashillcountry.com\/testimonials\/#breadcrumb"},"inLanguage":"es","potentialAction":[{"@type":"ReadAction","target":["https:\/\/www.911restorationtexashillcountry.com\/testimonials\/"]}]},{"@type":"ImageObject","inLanguage":"es","@id":"https:\/\/www.911restorationtexashillcountry.com\/testimonials\/#primaryimage","url":"https:\/\/www.911restorationtexashillcountry.com\/wp-content\/uploads\/2013\/04\/raveis-properties-300x52.jpg","contentUrl":"https:\/\/www.911restorationtexashillcountry.com\/wp-content\/uploads\/2013\/04\/raveis-properties-300x52.jpg"},{"@type":"BreadcrumbList","@id":"https:\/\/www.911restorationtexashillcountry.com\/testimonials\/#breadcrumb","itemListElement":[{"@type":"ListItem","position":1,"name":"Home","item":"https:\/\/www.911restorationtexashillcountry.com\/"},{"@type":"ListItem","position":2,"name":"Testimonials"}]},{"@type":"WebSite","@id":"https:\/\/www.911restorationtexashillcountry.com\/#website","url":"https:\/\/www.911restorationtexashillcountry.com\/","name":"Pa\u00eds de las colinas de Texas","description":"(830) 206-0550","potentialAction":[{"@type":"SearchAction","target":{"@type":"EntryPoint","urlTemplate":"https:\/\/www.911restorationtexashillcountry.com\/?s={search_term_string}"},"query-input":{"@type":"PropertyValueSpecification","valueRequired":true,"valueName":"search_term_string"}}],"inLanguage":"es"}]}},"_links":{"self":[{"href":"https:\/\/www.911restorationtexashillcountry.com\/es\/wp-json\/wp\/v2\/pages\/15","targetHints":{"allow":["GET"]}}],"collection":[{"href":"https:\/\/www.911restorationtexashillcountry.com\/es\/wp-json\/wp\/v2\/pages"}],"about":[{"href":"https:\/\/www.911restorationtexashillcountry.com\/es\/wp-json\/wp\/v2\/types\/page"}],"author":[{"embeddable":true,"href":"https:\/\/www.911restorationtexashillcountry.com\/es\/wp-json\/wp\/v2\/users\/2"}],"replies":[{"embeddable":true,"href":"https:\/\/www.911restorationtexashillcountry.com\/es\/wp-json\/wp\/v2\/comments?post=15"}],"version-history":[{"count":0,"href":"https:\/\/www.911restorationtexashillcountry.com\/es\/wp-json\/wp\/v2\/pages\/15\/revisions"}],"wp:attachment":[{"href":"https:\/\/www.911restorationtexashillcountry.com\/es\/wp-json\/wp\/v2\/media?parent=15"}],"curies":[{"name":"wp","href":"https:\/\/api.w.org\/{rel}","templated":true}]}}