{"id":16,"date":"2013-04-25T01:59:32","date_gmt":"2013-04-25T06:59:32","guid":{"rendered":"https:\/\/mylocalhost\/?page_id=16"},"modified":"2024-07-24T05:11:37","modified_gmt":"2024-07-24T12:11:37","slug":"service-areas","status":"publish","type":"page","link":"https:\/\/www.911restorationtexashillcountry.com\/es\/service-areas\/","title":{"rendered":"\u00c1reas de servicio"},"content":{"rendered":"<p><span style=\"font-weight: 400;\">En 911 Restoration of Texas Hill Country, nuestro compromiso inquebrantable es restaurar su propiedad de da\u00f1os causados por el agua con un cuidado incomparable y una atenci\u00f3n meticulosa. Reconocemos que cada situaci\u00f3n es \u00fanica, por eso invertimos nuestro m\u00e1ximo esfuerzo para garantizar que cada aspecto de su propiedad sea evaluado minuciosamente y restaurado a su estado inicial. <\/span><\/p>\n<p><span style=\"font-weight: 400;\">Nuestro experto equipo de restauraci\u00f3n est\u00e1 armado con herramientas y t\u00e9cnicas de vanguardia dise\u00f1adas para eliminar r\u00e1pidamente el agua estancada, secar completamente las \u00e1reas afectadas y abordar de manera competente cualquier da\u00f1o inducido por el agua.\u00a0<\/span><\/p>\n<ul>\n<li style=\"font-weight: 400;\" aria-level=\"1\"><a href=\"https:\/\/www.911restorationtexashillcountry.com\/es\/services\/water-damage-restoration-kendall-county\/\"><span style=\"font-weight: 400;\">Restauraci\u00f3n de da\u00f1os por agua<\/span><\/a><\/li>\n<li style=\"font-weight: 400;\" aria-level=\"1\"><a href=\"https:\/\/www.911restorationtexashillcountry.com\/es\/services\/sewage-backup-cleanup\/\"><span style=\"font-weight: 400;\">Limpieza de respaldo de alcantarillado<\/span><\/a><\/li>\n<li style=\"font-weight: 400;\" aria-level=\"1\"><a href=\"https:\/\/www.911restorationtexashillcountry.com\/es\/services\/mold-removal-kendall-county\/\"><span style=\"font-weight: 400;\">Eliminaci\u00f3n de moho<\/span><\/a><\/li>\n<li style=\"font-weight: 400;\" aria-level=\"1\"><a href=\"https:\/\/www.911restorationtexashillcountry.com\/es\/services\/fire-smoke-damage\/\"><span style=\"font-weight: 400;\">Restauraci\u00f3n de da\u00f1os por fuego y humo<\/span><\/a><\/li>\n<li style=\"font-weight: 400;\" aria-level=\"1\"><a href=\"https:\/\/www.911restorationtexashillcountry.com\/es\/services\/disaster-restoration\/\"><span style=\"font-weight: 400;\">Restauraci\u00f3n de desastres<\/span><\/a><\/li>\n<li style=\"font-weight: 400;\" aria-level=\"1\"><a href=\"https:\/\/www.911restorationtexashillcountry.com\/es\/services\/sanitization-cleanup-services-kendall-county\/\"><span style=\"font-weight: 400;\">Servicios de desinfecci\u00f3n<\/span><\/a><\/li>\n<li style=\"font-weight: 400;\" aria-level=\"1\"><a href=\"https:\/\/www.911restorationtexashillcountry.com\/es\/services\/commercial-property-damage\/\"><span style=\"font-weight: 400;\">Restauraci\u00f3n de Propiedad Comercial<\/span><\/a><\/li>\n<\/ul>\n<p><span style=\"font-weight: 400;\">\u00a0<\/span><\/p>\n<h3 style=\"text-align: center;\"><b>\u00bfInundaciones o da\u00f1os por agua? Ll\u00e1manos hoy \ud83d\udcde<\/b><a href=\"tel: (830)206-0550\"><b>(830)206-0550<\/b><\/a><\/h3>\n<p><span style=\"font-weight: 400;\"><img loading=\"lazy\" decoding=\"async\" class=\"aligncenter  wp-image-3818\" src=\"https:\/\/www.911restorationtexashillcountry.com\/wp-content\/uploads\/2023\/06\/water-damage-repair-expert-911-Restoration-2-1-296x300.png\" alt=\"water-damage-repair-expert-911-Restoration \" width=\"589\" height=\"597\" srcset=\"https:\/\/www.911restorationtexashillcountry.com\/wp-content\/uploads\/2023\/06\/water-damage-repair-expert-911-Restoration-2-1-296x300.png 296w, https:\/\/www.911restorationtexashillcountry.com\/wp-content\/uploads\/2023\/06\/water-damage-repair-expert-911-Restoration-2-1-16x16.png 16w, https:\/\/www.911restorationtexashillcountry.com\/wp-content\/uploads\/2023\/06\/water-damage-repair-expert-911-Restoration-2-1.png 506w\" sizes=\"auto, (max-width: 589px) 100vw, 589px\" \/><\/span><\/p>\n<h2><b>Servicios de eliminaci\u00f3n de agua de respuesta r\u00e1pida disponibles 24\/7<\/b><\/h2>\n<p><span style=\"font-weight: 400;\">En 911 Restoration of Texas Hill Country, entendemos que las emergencias de agua pueden ocurrir en cualquier momento, por lo que nuestros servicios de eliminaci\u00f3n de agua de respuesta r\u00e1pida est\u00e1n disponibles las 24 horas, los 7 d\u00edas de la semana. Nuestro equipo dedicado siempre est\u00e1 preparado para entrar en acci\u00f3n, garantizando que su propiedad no quede vulnerable a da\u00f1os importantes. Ya sea que se trate de una tuber\u00eda rota, una inundaci\u00f3n o cualquier otro desastre relacionado con el agua, estamos aqu\u00ed para brindar asistencia inmediata. Con nuestra r\u00e1pida respuesta, nuestro objetivo es minimizar el da\u00f1o potencial causado por el agua y garantizar un proceso de restauraci\u00f3n exhaustivo.<\/span><\/p>\n<p><span style=\"font-weight: 400;\">\u00a0<\/span><\/p>\n<h2><b>Tiempo de llegada r\u00e1pido: respuesta r\u00e1pida a cualquier emergencia h\u00eddrica<\/b><\/h2>\n<p><span style=\"font-weight: 400;\">Ante una emergencia h\u00eddrica, cada segundo cuenta. Es por eso que nuestro equipo en 911 Restoration of Texas Hill Country prioriza un tiempo de llegada r\u00e1pido para responder con prontitud a cualquier crisis relacionada con el agua. Si actuamos con prontitud, podemos iniciar el proceso de evaluaci\u00f3n y mitigaci\u00f3n sin demora, mitigando la magnitud del da\u00f1o y garantizando un proceso de restauraci\u00f3n m\u00e1s fluido. Conf\u00ede en nuestro compromiso de brindar servicios oportunos y eficientes para salvaguardar su propiedad y su tranquilidad.<\/span><\/p>\n<p><span style=\"font-weight: 400;\">\u00a0<\/span><\/p>\n<h2><b>Expertos en restauraci\u00f3n certificados por el IICRC<\/b><\/h2>\n<p><span style=\"font-weight: 400;\">En 911 Restoration of Texas Hill Country, nuestros expertos en restauraci\u00f3n cuentan con la prestigiosa certificaci\u00f3n del Instituto de Certificaci\u00f3n de Inspecci\u00f3n, Limpieza y Restauraci\u00f3n (IICRC). Este reconocimiento destaca la competencia de nuestro equipo en el empleo de t\u00e9cnicas l\u00edderes en la industria y el cumplimiento de los m\u00e1s altos est\u00e1ndares de pr\u00e1cticas de restauraci\u00f3n. La certificaci\u00f3n IICRC refleja nuestra dedicaci\u00f3n a mantenernos actualizados con los \u00faltimos avances en el campo, garantizando que brindamos soluciones efectivas para cada desaf\u00edo de restauraci\u00f3n.\u00a0<\/span><\/p>\n<p><span style=\"font-weight: 400;\">\u00a0<\/span><\/p>\n<h2><b>Empresa de franquicia de restauraci\u00f3n de propiedad local<\/b><\/h2>\n<p><span style=\"font-weight: 400;\">En 911 Restoration of Texas Hill Country, estamos orgullosos de ser una franquicia operada y de propiedad local con una red nacional de ubicaciones.\u00a0<\/span><\/p>\n<p><span style=\"font-weight: 400;\">Estamos orgullosos de servir a nuestras comunidades locales:<\/span><\/p>\n<ul>\n<li style=\"font-weight: 400;\" aria-level=\"1\"><span style=\"font-weight: 400;\">Bandera\u00a0<\/span><\/li>\n<li style=\"font-weight: 400;\" aria-level=\"1\"><span style=\"font-weight: 400;\">Blanco\u00a0<\/span><\/li>\n<li style=\"font-weight: 400;\" aria-level=\"1\"><span style=\"font-weight: 400;\">Center point\u00a0<\/span><\/li>\n<li style=\"font-weight: 400;\" aria-level=\"1\"><span style=\"font-weight: 400;\">Cibolo<\/span><\/li>\n<li style=\"font-weight: 400;\" aria-level=\"1\"><span style=\"font-weight: 400;\">Comodidad\u00a0<\/span><\/li>\n<li aria-level=\"1\">Fair Oaks Ranch<\/li>\n<li style=\"font-weight: 400;\" aria-level=\"1\"><span style=\"font-weight: 400;\">pescador<\/span><\/li>\n<li aria-level=\"1\">Garden Ridge<\/li>\n<li aria-level=\"1\">Nuevo Braunfels<\/li>\n<li aria-level=\"1\">Seguin<\/li>\n<\/ul>\n<p><span style=\"font-weight: 400;\">\u00a1Y las \u00e1reas circundantes de Texas Hill Country!<\/span><\/p>\n<p><span style=\"font-weight: 400;\">\u00a0<\/span><\/p>\n<h2><b>Nuestro proceso de restauraci\u00f3n de da\u00f1os por agua paso a paso<\/b><\/h2>\n<p><span style=\"font-weight: 400;\">En 911 Restoration of Texas Hill Country, nuestro proceso de restauraci\u00f3n de da\u00f1os por agua es integral y meticulosamente ejecutado. Comienza con una evaluaci\u00f3n exhaustiva de los da\u00f1os causados por el agua, que incluye identificar la fuente del problema y medir el alcance del da\u00f1o. Despu\u00e9s de la evaluaci\u00f3n, nuestro equipo experto inicia la fase de extracci\u00f3n de agua, utilizando equipos de \u00faltima generaci\u00f3n para eliminar eficazmente el agua estancada. A esto le siguen procedimientos exhaustivos de secado y deshumidificaci\u00f3n dise\u00f1ados para erradicar cualquier humedad persistente.\u00a0<\/span><\/p>\n<p><span style=\"font-weight: 400;\">El paso de desinfecci\u00f3n posterior garantiza que las \u00e1reas afectadas no solo est\u00e9n secas sino tambi\u00e9n seguras e higi\u00e9nicas. Adem\u00e1s, si surge la necesidad, llevamos a cabo meticulosos procedimientos de inspecci\u00f3n y eliminaci\u00f3n de moho. Finalmente, nuestro equipo maneja diligentemente cualquier reparaci\u00f3n o reconstrucci\u00f3n esencial, con el objetivo de restablecer su propiedad a su estado original antes del da\u00f1o.<\/span><\/p>\n<h3><b>Primer contacto de emergencia<\/b><\/h3>\n<p><span style=\"font-weight: 400;\">Cuando se enfrente a da\u00f1os por agua, el primer paso es hacer esa llamada de emergencia crucial al 911 Restoration of Texas Hill Country. Nuestro equipo dedicado est\u00e1 disponible las 24 horas del d\u00eda, los 7 d\u00edas de la semana para responder r\u00e1pidamente a su llamada de socorro. Este contacto inicial pone en marcha el proceso de restauraci\u00f3n y usted puede contar con nosotros para brindarle orientaci\u00f3n compasiva y experta incluso en medio de una crisis.<\/span><\/p>\n<h3><b>Inspecci\u00f3n y evaluaci\u00f3n inicial de da\u00f1os<\/b><\/h3>\n<p><span style=\"font-weight: 400;\">Una vez en el sitio, nuestros expertos capacitados realizar\u00e1n una evaluaci\u00f3n integral de los da\u00f1os causados por el incidente del agua. Esta evaluaci\u00f3n nos ayuda a comprender el alcance del da\u00f1o, lo que nos permite adaptar nuestro plan de restauraci\u00f3n a sus necesidades espec\u00edficas. A trav\u00e9s de una evaluaci\u00f3n cuidadosa, identificamos posibles riesgos de seguridad, planificamos los pasos de restauraci\u00f3n y le brindamos una descripci\u00f3n general transparente del proceso de restauraci\u00f3n que se avecina.<\/span><\/p>\n<h3><b>Extracci\u00f3n de agua\/limpieza y eliminaci\u00f3n de agua<\/b><\/h3>\n<p><span style=\"font-weight: 400;\">El siguiente paso cr\u00edtico implica la extracci\u00f3n de agua y la limpieza exhaustiva de las \u00e1reas afectadas. Utilizando equipos de \u00faltima generaci\u00f3n, eliminamos r\u00e1pidamente el exceso de agua para evitar da\u00f1os mayores y detener el progreso del crecimiento de moho. Nuestro eficiente proceso de limpieza del agua garantiza que su propiedad vuelva a un estado seguro y seco lo antes posible.<\/span><\/p>\n<h3><b>Secado y Deshumidificaci\u00f3n<\/b><\/h3>\n<p><span style=\"font-weight: 400;\">Secar adecuadamente las \u00e1reas afectadas es crucial para prevenir el crecimiento de moho y mayores da\u00f1os estructurales. Nuestras t\u00e9cnicas avanzadas de secado y deshumidificaci\u00f3n eliminan la humedad del ambiente, sin dejar espacio para que prosperen el moho y las bacterias. Monitoreamos meticulosamente el progreso del secado para garantizar que su propiedad est\u00e9 completamente restaurada a una condici\u00f3n segura y habitable.<\/span><\/p>\n<h3><b>Desinfecci\u00f3n y limpieza<\/b><\/h3>\n<p><span style=\"font-weight: 400;\">Restaurar su propiedad no se trata s\u00f3lo de secar; tambi\u00e9n se trata de garantizar un ambiente limpio y desinfectado. Nuestro equipo emplea m\u00e9todos efectivos de desinfecci\u00f3n y limpieza para eliminar cualquier posible contaminante, olor o pat\u00f3geno dejado por el da\u00f1o del agua. Priorizamos tu salud y seguridad, asegur\u00e1ndonos de que tu espacio no s\u00f3lo est\u00e9 seco sino tambi\u00e9n higi\u00e9nico<\/span><\/p>\n<h3><b>Restauraci\u00f3n Final<\/b><\/h3>\n<p><span style=\"font-weight: 400;\">La culminaci\u00f3n de nuestro proceso de restauraci\u00f3n es la restauraci\u00f3n final de su propiedad. Este paso implica reparar cualquier da\u00f1o estructural que pueda haber ocurrido y restaurar su espacio a su condici\u00f3n previa al da\u00f1o. Ya sea repintar, reemplazar materiales da\u00f1ados u otras reparaciones necesarias, nuestros expertos trabajan diligentemente para devolver su propiedad a su estado original, garantizando su comodidad y tranquilidad.<\/span><\/p>\n<p><span style=\"font-weight: 400;\">En 911 Restoration of Texas Hill Country, seguimos estos pasos meticulosamente planificados para garantizar que su propiedad reciba la restauraci\u00f3n exhaustiva y experta que merece.\u00a0<\/span><\/p>\n<p><span style=\"font-weight: 400;\"> <img loading=\"lazy\" decoding=\"async\" class=\"aligncenter  wp-image-3826\" src=\"https:\/\/www.911restorationtexashillcountry.com\/wp-content\/uploads\/2023\/06\/customer-review-Reno-water-damage-300x175.jpg\" alt=\"customer review - water damage\" width=\"668\" height=\"390\" srcset=\"https:\/\/www.911restorationtexashillcountry.com\/wp-content\/uploads\/2023\/06\/customer-review-Reno-water-damage-300x175.jpg 300w, https:\/\/www.911restorationtexashillcountry.com\/wp-content\/uploads\/2023\/06\/customer-review-Reno-water-damage.jpg 512w\" sizes=\"auto, (max-width: 668px) 100vw, 668px\" \/><\/span><\/p>\n<h2><b>Comunicaci\u00f3n efectiva durante su crisis de da\u00f1os por agua<\/b><\/h2>\n<p><span style=\"font-weight: 400;\">En 911 Restoration of Texas Hill Country, entendemos la importancia de una comunicaci\u00f3n clara y abierta durante una crisis de da\u00f1os por agua. Lidiar con da\u00f1os inesperados por agua puede ser abrumador y estamos comprometidos a guiarlo en cada paso del proceso de restauraci\u00f3n con una comunicaci\u00f3n efectiva. Desde el momento en que se comunica con nosotros, nuestros profesionales capacitados priorizan la escucha activa para comprender los detalles de su situaci\u00f3n. Valoramos sus comentarios e inquietudes, adaptando nuestro enfoque para satisfacer sus necesidades \u00fanicas.<\/span><\/p>\n<p><span style=\"font-weight: 400;\">A lo largo del viaje de restauraci\u00f3n, lo mantendremos informado sobre el progreso, los cronogramas esperados y cualquier cambio en el plan. Nuestro equipo est\u00e1 disponible para responder sus preguntas, abordar sus inquietudes y brindar actualizaciones. Creemos que mantenerlo bien informado no s\u00f3lo reduce el estr\u00e9s sino que tambi\u00e9n fomenta un sentido de confianza y colaboraci\u00f3n. Con una comunicaci\u00f3n clara, nos aseguramos de que usted siempre sepa qu\u00e9 esperar y pueda tomar decisiones informadas sobre la restauraci\u00f3n de su propiedad. Su tranquilidad es nuestra prioridad y nuestro compromiso con una comunicaci\u00f3n eficaz subraya nuestra dedicaci\u00f3n a brindar un servicio excepcional durante su crisis de da\u00f1os por agua.<\/span><\/p>\n<h2><b>Su elecci\u00f3n confiable para servicios de restauraci\u00f3n de da\u00f1os por agua<\/b><\/h2>\n<p><span style=\"font-weight: 400;\">Cuando su propiedad sufre da\u00f1os por agua, 911 Restoration of Texas Hill Country es su opci\u00f3n confiable para servicios de restauraci\u00f3n integrales y efectivos. Con a\u00f1os de experiencia en la industria, nuestro equipo dedicado est\u00e1 comprometido a ser su socio de confianza en tiempos de crisis. Nuestro objetivo es restaurar no s\u00f3lo su propiedad sino tambi\u00e9n su tranquilidad.<\/span><\/p>\n<p><span style=\"font-weight: 400;\">Nuestro compromiso con una excelente comunicaci\u00f3n y un servicio de calidad nos distingue. Creemos que mantenerlo informado y comprometido durante todo el proceso de restauraci\u00f3n es esencial. Nuestros expertos lo guiar\u00e1n en cada paso del proceso, asegur\u00e1ndose de que comprenda el alcance del da\u00f1o y el plan de restauraci\u00f3n. Este enfoque no s\u00f3lo le empodera sino que tambi\u00e9n garantiza que sea un participante activo en las decisiones de restauraci\u00f3n. Mientras trabajamos diligentemente para extraer agua, secar las \u00e1reas afectadas y restaurar su propiedad a su estado anterior al da\u00f1o, nuestro enfoque sigue siendo brindar el mejor resultado posible. <\/span><\/p>\n<p><span style=\"font-weight: 400;\">Conf\u00ede en 911 Restoration of Texas Hill Country como su socio firme en la restauraci\u00f3n de da\u00f1os por agua. Con nosotros, no solo obtiene un servicio: obtiene un equipo dedicado que prioriza sus necesidades e inquietudes. Cont\u00e1ctenos hoy al (830) 206-0550 y experimente la diferencia de primera mano.<\/span><\/p>\n<p class=\"translation-block\"><a href=\"https:\/\/www.911restorationtexashillcountry.com\/es\/\" target=\"_self\"><span style=\"font-weight: 400\">911 Restauraci\u00f3n de Texas Hill Country<\/span><\/a><span style=\"font-weight: 400\"> se encuentra en <\/span><a href=\"https:\/\/g.page\/r\/CRLCstfpFvGGEAE\" target=\"_self\"><span style=\"font-weight : 400\">1415 E. Blanco Rd. Suite 8, Boerne, TX 78015<\/span><\/a><b>. <\/b><\/p>\n<div><iframe loading=\"lazy\" style=\"border: 0;\" src=\"https:\/\/www.google.com\/maps\/embed?pb=!1m18!1m12!1m3!1d3462.341879707077!2d-98.71741118456977!3d29.796665937189065!2m3!1f0!2f0!3f0!3m2!1i1024!2i768!4f13.1!3m3!1m2!1s0x865c76c352f07e47%3A0x4c9a502914f11b53!2s1415%20E%20Blanco%20Rd%20%23%208%2C%20Boerne%2C%20TX%2078006%2C%20USA!5e0!3m2!1sen!2sin!4v1664960063389!5m2!1sen!2sin\" width=\"600\" height=\"450\" allowfullscreen=\"allowfullscreen\"><\/iframe><\/div>","protected":false},"excerpt":{"rendered":"<p>At 911 Restoration of Texas Hill Country, our unwavering commitment is to restore your property from water damage with unparalleled care and meticulous attention. We recognize that every situation is unique, which is why we invest our utmost effort to ensure that every aspect of your property is thoroughly evaluated and restored to its initial [&hellip;]<\/p>\n","protected":false},"author":2,"featured_media":0,"parent":0,"menu_order":0,"comment_status":"closed","ping_status":"closed","template":"page-service-areas.php","meta":{"_acf_changed":false,"footnotes":""},"class_list":["post-16","page","type-page","status-publish","hentry"],"acf":[],"yoast_head":"<!-- This site is optimized with the Yoast SEO plugin v26.8 - https:\/\/yoast.com\/product\/yoast-seo-wordpress\/ -->\n<title>Service Areas | 911 Restoration of Texas Hill Country<\/title>\n<meta name=\"description\" content=\"Emergency water damage restoration services in Texas Hill and any surrounding service areas. Call 911 Restoration of Texas Hill today!\" \/>\n<meta name=\"robots\" content=\"index, follow, max-snippet:-1, max-image-preview:large, max-video-preview:-1\" \/>\n<link rel=\"canonical\" href=\"https:\/\/www.911restorationtexashillcountry.com\/es\/service-areas\/\" \/>\n<meta name=\"twitter:label1\" content=\"Tiempo de lectura\" \/>\n\t<meta name=\"twitter:data1\" content=\"7 minutos\" \/>\n<!-- \/ Yoast SEO plugin. -->","yoast_head_json":{"title":"Service Areas | 911 Restoration of Texas Hill Country","description":"Emergency water damage restoration services in Texas Hill and any surrounding service areas. Call 911 Restoration of Texas Hill today!","robots":{"index":"index","follow":"follow","max-snippet":"max-snippet:-1","max-image-preview":"max-image-preview:large","max-video-preview":"max-video-preview:-1"},"canonical":"https:\/\/www.911restorationtexashillcountry.com\/es\/service-areas\/","twitter_misc":{"Tiempo de lectura":"7 minutos"},"schema":{"@context":"https:\/\/schema.org","@graph":[{"@type":"WebPage","@id":"https:\/\/www.911restorationtexashillcountry.com\/service-areas\/","url":"https:\/\/www.911restorationtexashillcountry.com\/service-areas\/","name":"Service Areas | 911 Restoration of Texas Hill Country","isPartOf":{"@id":"https:\/\/www.911restorationtexashillcountry.com\/#website"},"primaryImageOfPage":{"@id":"https:\/\/www.911restorationtexashillcountry.com\/service-areas\/#primaryimage"},"image":{"@id":"https:\/\/www.911restorationtexashillcountry.com\/service-areas\/#primaryimage"},"thumbnailUrl":"https:\/\/www.911restorationtexashillcountry.com\/wp-content\/uploads\/2023\/06\/water-damage-repair-expert-911-Restoration-2-1-296x300.png","datePublished":"2013-04-25T06:59:32+00:00","dateModified":"2024-07-24T12:11:37+00:00","description":"Emergency water damage restoration services in Texas Hill and any surrounding service areas. Call 911 Restoration of Texas Hill today!","breadcrumb":{"@id":"https:\/\/www.911restorationtexashillcountry.com\/service-areas\/#breadcrumb"},"inLanguage":"es","potentialAction":[{"@type":"ReadAction","target":["https:\/\/www.911restorationtexashillcountry.com\/service-areas\/"]}]},{"@type":"ImageObject","inLanguage":"es","@id":"https:\/\/www.911restorationtexashillcountry.com\/service-areas\/#primaryimage","url":"https:\/\/www.911restorationtexashillcountry.com\/wp-content\/uploads\/2023\/06\/water-damage-repair-expert-911-Restoration-2-1-296x300.png","contentUrl":"https:\/\/www.911restorationtexashillcountry.com\/wp-content\/uploads\/2023\/06\/water-damage-repair-expert-911-Restoration-2-1-296x300.png"},{"@type":"BreadcrumbList","@id":"https:\/\/www.911restorationtexashillcountry.com\/service-areas\/#breadcrumb","itemListElement":[{"@type":"ListItem","position":1,"name":"Home","item":"https:\/\/www.911restorationtexashillcountry.com\/"},{"@type":"ListItem","position":2,"name":"Service Areas"}]},{"@type":"WebSite","@id":"https:\/\/www.911restorationtexashillcountry.com\/#website","url":"https:\/\/www.911restorationtexashillcountry.com\/","name":"Pa\u00eds de las colinas de Texas","description":"(830) 206-0550","potentialAction":[{"@type":"SearchAction","target":{"@type":"EntryPoint","urlTemplate":"https:\/\/www.911restorationtexashillcountry.com\/?s={search_term_string}"},"query-input":{"@type":"PropertyValueSpecification","valueRequired":true,"valueName":"search_term_string"}}],"inLanguage":"es"}]}},"_links":{"self":[{"href":"https:\/\/www.911restorationtexashillcountry.com\/es\/wp-json\/wp\/v2\/pages\/16","targetHints":{"allow":["GET"]}}],"collection":[{"href":"https:\/\/www.911restorationtexashillcountry.com\/es\/wp-json\/wp\/v2\/pages"}],"about":[{"href":"https:\/\/www.911restorationtexashillcountry.com\/es\/wp-json\/wp\/v2\/types\/page"}],"author":[{"embeddable":true,"href":"https:\/\/www.911restorationtexashillcountry.com\/es\/wp-json\/wp\/v2\/users\/2"}],"replies":[{"embeddable":true,"href":"https:\/\/www.911restorationtexashillcountry.com\/es\/wp-json\/wp\/v2\/comments?post=16"}],"version-history":[{"count":23,"href":"https:\/\/www.911restorationtexashillcountry.com\/es\/wp-json\/wp\/v2\/pages\/16\/revisions"}],"predecessor-version":[{"id":4058,"href":"https:\/\/www.911restorationtexashillcountry.com\/es\/wp-json\/wp\/v2\/pages\/16\/revisions\/4058"}],"wp:attachment":[{"href":"https:\/\/www.911restorationtexashillcountry.com\/es\/wp-json\/wp\/v2\/media?parent=16"}],"curies":[{"name":"wp","href":"https:\/\/api.w.org\/{rel}","templated":true}]}}