{"id":3837,"date":"2023-08-08T08:00:20","date_gmt":"2023-08-08T15:00:20","guid":{"rendered":"https:\/\/www.911restorationtexashillcountry.com\/?page_id=3837"},"modified":"2024-09-30T10:44:56","modified_gmt":"2024-09-30T17:44:56","slug":"services","status":"publish","type":"page","link":"https:\/\/www.911restorationtexashillcountry.com\/es\/services\/","title":{"rendered":"Servicios"},"content":{"rendered":"<h2><b>Restauraci\u00f3n de da\u00f1os por agua en Texas Hill Country<\/b><\/h2>\n<p><span style=\"font-weight: 400;\">At 911 Restoration of Texas Hill Country, we offer comprehensive water damage restoration services to homeowners and businesses in the Texas Hill Country area.\u00a0Whether it&#8217;s caused by burst pipes, leaks, or natural disasters, we understand the urgency of <span style=\"color: #0000ff;\"><a style=\"color: #0000ff;\" href=\"https:\/\/www.911restorationtexashillcountry.com\/es\/services\/water-damage-restoration-kendall-county\/\">addressing water damage promptly<\/a><\/span> to prevent further issues. Our rapid response team is available 24\/7, ensuring that we can be at your location within 45 minutes of your call to assess the situation and start the restoration process immediately!<\/span><\/p>\n<p><img loading=\"lazy\" decoding=\"async\" class=\"aligncenter  wp-image-3825\" src=\"https:\/\/www.911restorationtexashillcountry.com\/wp-content\/uploads\/2023\/06\/247-WATER-DAMAGE-2-300x200.jpg\" alt=\"247 WATER DAMAGE\" width=\"712\" height=\"474\" srcset=\"https:\/\/www.911restorationtexashillcountry.com\/wp-content\/uploads\/2023\/06\/247-WATER-DAMAGE-2-300x200.jpg 300w, https:\/\/www.911restorationtexashillcountry.com\/wp-content\/uploads\/2023\/06\/247-WATER-DAMAGE-2.jpg 600w\" sizes=\"auto, (max-width: 712px) 100vw, 712px\" \/><\/p>\n<p><span style=\"font-weight: 400;\">Nuestro proceso de restauraci\u00f3n de da\u00f1os por agua comienza con una inspecci\u00f3n exhaustiva para evaluar el alcance del da\u00f1o e identificar la fuente de la intrusi\u00f3n de agua. Una vez completada la evaluaci\u00f3n, empleamos equipos avanzados de extracci\u00f3n de agua para eliminar el agua estancada de su propiedad. Luego implementamos t\u00e9cnicas de secado y deshumidificaci\u00f3n de \u00faltima generaci\u00f3n para garantizar que toda la humedad se elimine por completo, evitando el crecimiento de moho y da\u00f1os estructurales.\u00a0<\/span><\/p>\n<p>\u00a0<\/p>\n<h2><b>Servicios de desinfecci\u00f3n y soluciones de desinfecci\u00f3n<\/b><\/h2>\n<p class=\"translation-block\"><span style=\"font-weight: 400\">Adem\u00e1s de la restauraci\u00f3n de da\u00f1os causados por el agua, tambi\u00e9n brindamos servicios de desinfecci\u00f3n y soluciones de desinfecci\u00f3n de primer nivel. Reconocemos la importancia de un entorno de vida limpio y seguro, especialmente despu\u00e9s de incidentes de da\u00f1os por agua. Nuestro equipo utiliza <a href=\"https:\/\/www.911restorationtexashillcountry.com\/es\/services\/sanitization-cleanup-services-kendall-county\/\" target=\"_self\"><span style=\"color: #0000ff\">t\u00e9cnicas avanzadas de desinfecci\u00f3n<\/span><\/a> y productos de limpieza ecol\u00f3gicos para eliminar bacterias, virus y otros pat\u00f3genos da\u00f1inos. Prestamos especial atenci\u00f3n a las superficies de alto contacto y a las \u00e1reas con posible contaminaci\u00f3n para garantizar un proceso de limpieza exhaustivo y eficaz. Nuestro objetivo es restaurar su propiedad no solo a su condici\u00f3n anterior al da\u00f1o, sino tambi\u00e9n crear un espacio saludable e higi\u00e9nico para usted y sus seres queridos.<\/span><\/p>\n<p><span style=\"font-weight: 400;\">Con nuestros servicios de desinfecci\u00f3n, podr\u00e1 tener la tranquilidad de saber que su propiedad est\u00e1 segura y libre de contaminantes nocivos. Utilizamos agentes de limpieza no t\u00f3xicos y ecol\u00f3gicos para proteger la salud de su familia y sus mascotas. Ya sea que necesite servicios de desinfecci\u00f3n para su hogar o negocio, estamos aqu\u00ed para ayudarlo a mantener un ambiente limpio y saludable.<\/span><\/p>\n<p>\u00a0<\/p>\n<h2><b>Eliminaci\u00f3n y eliminaci\u00f3n de moho despu\u00e9s de da\u00f1os por agua<\/b><\/h2>\n<p class=\"translation-block\"><span style=\"font-weight: 400\">Cuando se producen da\u00f1os por agua, el crecimiento de moho se convierte en una preocupaci\u00f3n importante. En 911 Restoration of Texas Hill Country, somos expertos en la eliminaci\u00f3n y eliminaci\u00f3n de moho despu\u00e9s de da\u00f1os por agua. Nuestros profesionales certificados realizan un <a href=\"https:\/\/www.911restorationtexashillcountry.com\/es\/services\/mold-removal-kendall-county\/\" target=\"_self\"><span style=\"color: #0000ff\">inspecci\u00f3n minuciosa del moho<\/span><\/a> para identificar el alcance del crecimiento del moho y las \u00e1reas afectadas. Utilizando equipos y t\u00e9cnicas avanzadas, eliminamos el moho de forma segura, evitando que se propague a otras partes de su propiedad. Nuestro equipo tambi\u00e9n toma las medidas necesarias para prevenir el crecimiento futuro de moho, asegurando una soluci\u00f3n a largo plazo al problema.<\/span><\/p>\n<p><span style=\"font-weight: 400;\">Con nuestros servicios de eliminaci\u00f3n de moho, puede confiar en que su propiedad estar\u00e1 libre de moho y sus posibles riesgos para la salud. Seguimos las mejores pr\u00e1cticas de la industria para garantizar un proceso de eliminaci\u00f3n de moho seguro y eficaz. Nuestro equipo usa equipo de protecci\u00f3n y utiliza procedimientos de contenci\u00f3n para evitar la contaminaci\u00f3n cruzada mientras elimina el moho. Tambi\u00e9n empleamos sistemas de filtraci\u00f3n de aire para capturar esporas de moho y evitar que se propaguen durante el proceso de remediaci\u00f3n. Ya sea que tenga crecimiento visible de moho o sospeche que hay moho oculto en su propiedad, tenemos la experiencia para manejar la situaci\u00f3n y restaurar un ambiente libre de moho para usted.<\/span><\/p>\n<p>\u00a0<\/p>\n<h2><b>Respaldo y limpieza de aguas residuales<\/b><\/h2>\n<p class=\"translation-block\"><span style=\"font-weight: 400\">La acumulaci\u00f3n de aguas residuales es una situaci\u00f3n peligrosa y angustiosa que requiere atenci\u00f3n inmediata. Si encuentra una acumulaci\u00f3n de aguas residuales en su propiedad de Texas Hill Country, es fundamental evitar manejar la situaci\u00f3n usted mismo y dejarla en manos de los expertos. En 911 Restoration of Texas Hill Country, tenemos la experiencia y el equipo de protecci\u00f3n adecuado para manejar <a href=\"https:\/\/www.911restorationtexashillcountry.com\/es\/services\/sewage-backup-cleanup\/\" target=\"_self\"><span style=\"color: #0000ff\">almacenamiento y limpieza de aguas residuales<\/span><\/a> de forma segura. Nuestro equipo extraer\u00e1 las aguas residuales, limpiar\u00e1 y desinfectar\u00e1 a fondo las \u00e1reas afectadas y desodorizar\u00e1 su propiedad para eliminar olores desagradables. Tambi\u00e9n nos aseguramos de que todos los materiales contaminados se eliminen de forma segura, dejando su propiedad limpia, desinfectada y segura para ser habitada una vez m\u00e1s.<\/span><\/p>\n<p><span style=\"font-weight: 400;\">Entendemos los riesgos potenciales para la salud asociados con la acumulaci\u00f3n de aguas residuales y tomamos todas las precauciones para protegerlo a usted y a su familia. 911 Restoration of Texas Hill Country utiliza potentes desinfectantes para desinfectar las \u00e1reas afectadas y prevenir la propagaci\u00f3n de bacterias y virus da\u00f1inos. Con nuestros servicios profesionales de limpieza de aguas residuales, puede estar seguro de que su propiedad est\u00e1 en buenas manos.<\/span><\/p>\n<p>\u00a0<\/p>\n<h2><b>Restauraci\u00f3n de da\u00f1os por fuego y humo<\/b><\/h2>\n<p class=\"translation-block\"><span style=\"font-weight: 400\">En 911 Restoration of Texas Hill Country, entendemos el impacto devastador del da\u00f1o causado por el fuego y el humo en su propiedad. Nuestro equipo de expertos est\u00e1 altamente capacitado y equipado para manejar <a href=\"https:\/\/www.911restorationtexashillcountry.com\/es\/services\/fire-smoke-damage\/\" target=\"_self\"><span style=\"color: # 0000ff\">restauraci\u00f3n de da\u00f1os por fuego y humo<\/span><\/a> con el m\u00e1ximo cuidado y precisi\u00f3n. <\/span><\/p>\n<p><span style=\"font-weight: 400;\">Nuestros servicios certificados de restauraci\u00f3n de da\u00f1os por fuego y humo incluyen una evaluaci\u00f3n exhaustiva de los da\u00f1os, una limpieza meticulosa de los residuos de holl\u00edn y humo, la eliminaci\u00f3n de olores y reparaciones estructurales. Con nuestras t\u00e9cnicas avanzadas y equipos de \u00faltima generaci\u00f3n, podemos eliminar eficazmente todos los rastros de da\u00f1os por fuego y humo, dejando su propiedad con un aspecto y un olor frescos.<\/span><\/p>\n<p>\u00a0<\/p>\n<h2><b>Restauraci\u00f3n de desastres<\/b><\/h2>\n<p><span style=\"font-weight: 400;\">Cuando ocurre un desastre, el 911 Restoration of Texas Hill Country est\u00e1 aqu\u00ed para ayudarlo a recuperarse y reconstruir. Ofrecemos <a href=\"https:\/\/www.911restorationtexashillcountry.com\/es\/services\/disaster-restoration\/\"><span style=\"color: #0000ff;\">restauraci\u00f3n integral de desastres<\/span><\/a> servicios para abordar una amplia gama de emergencias, incluidos da\u00f1os por agua, da\u00f1os por tormentas y m\u00e1s. Nuestro equipo de profesionales experimentados est\u00e1 disponible las 24 horas del d\u00eda, los 7 d\u00edas de la semana para brindar una respuesta r\u00e1pida a cualquier situaci\u00f3n de desastre.\u00a0<\/span><\/p>\n<p><span style=\"font-weight: 400;\">Llegaremos a su propiedad r\u00e1pidamente para evaluar los da\u00f1os e implementar un plan de restauraci\u00f3n personalizado. Con nuestros servicios locales y certificados de restauraci\u00f3n de da\u00f1os a la propiedad, puede confiar en que su propiedad est\u00e1 en manos capaces. Utilizamos la \u00faltima tecnolog\u00eda y t\u00e9cnicas para garantizar una restauraci\u00f3n eficiente y exhaustiva, ayud\u00e1ndole a recuperarse lo m\u00e1s r\u00e1pido posible.<\/span><\/p>\n<p>\u00a0<\/p>\n<h2><b>Restauraci\u00f3n de da\u00f1os por agua a propiedades comerciales:<\/b><\/h2>\n<p><span style=\"font-weight: 400;\">Para los due\u00f1os de negocios en Texas Hill Country, los da\u00f1os causados por el agua pueden ser un rev\u00e9s importante. En 911 Restoration of Texas Hill Country, ofrecemos servicios especializados de restauraci\u00f3n de da\u00f1os por agua en propiedades comerciales para minimizar las interrupciones y garantizar una r\u00e1pida recuperaci\u00f3n de su negocio.\u00a0<\/span><\/p>\n<p class=\"translation-block\">Ofrecemos propiedad local y <a href=\"https:\/\/www.911restorationtexashillcountry.com\/es\/services\/commercial-property-damage\/\" target=\"_self\"><span style=\"color: #0000ff\">certificada servicios de restauraci\u00f3n de da\u00f1os<\/span><\/a>, garantizando que cumplimos con los m\u00e1s altos est\u00e1ndares de la industria. Con nuestra disponibilidad las 24 horas, los 7 d\u00edas de la semana, siempre estamos listos para responder a su emergencia por da\u00f1os causados por agua. Desde extracci\u00f3n y secado de agua hasta reparaciones estructurales y desinfecci\u00f3n, restauraremos su propiedad comercial a su condici\u00f3n anterior al da\u00f1o para que pueda concentrarse en administrar su negocio sin problemas.<\/p>\n<p>\u00a0<\/p>\n<h2><b>Somos una empresa de restauraci\u00f3n de servicio completo que valora la calidad.<\/b><\/h2>\n<p class=\"translation-block\"><span style=\"font-weight: 400\">En 911 Restoration of Texas Hill Country, estamos orgullosos de ser <a href=\"http:\/\/iicrc.org\" target=\"_self\"><span style=\"color: #0000ff\">Profesionales certificados por IICRC<\/span><\/a> dedicados a brindar excelente comunicaci\u00f3n y servicio de calidad a nuestros valiosos clientes. Nuestro equipo est\u00e1 equipado con el conocimiento y la experiencia para manejar la restauraci\u00f3n de da\u00f1os por incendio y humo, restauraci\u00f3n de desastres y restauraci\u00f3n de da\u00f1os por agua en propiedades comerciales con eficiencia y cuidado. Si necesita nuestros servicios, no dude en llamarnos al <a href=\"tel:(830)206-0550\" target=\"_self\"><span style=\"color: #0000ff\"> (830)206-0550<\/span><\/a> para asistencia inmediata. <\/span><\/p>\n<p><span style=\"font-weight: 400;\">Nuestro equipo de respuesta r\u00e1pida estar\u00e1 en su ubicaci\u00f3n de inmediato para evaluar la situaci\u00f3n e iniciar el proceso de restauraci\u00f3n. Para obtener m\u00e1s informaci\u00f3n sobre nuestros servicios y explorar nuestro sitio corporativo.<\/span><\/p>\n<p>\u00a0<\/p>\n<p><a href=\"https:\/\/www.911restorationtexashillcountry.com\/es\/\"><span style=\"font-weight: 400;\">911 Restauraci\u00f3n de Texas Hill Country<\/span><\/a><span style=\"font-weight: 400;\"> is located at <\/span><a href=\"https:\/\/g.page\/r\/CRLCstfpFvGGEAE\"><span style=\"font-weight: 400;\">1415 E. Blanco Rd. Suite 8, Boerne, TX 78015<\/span><\/a><b>.<\/b><b>\u00a0\u00a0<\/b><\/p>","protected":false},"excerpt":{"rendered":"<p>Water Damage Restoration in Texas Hill Country At 911 Restoration of Texas Hill Country, we offer comprehensive water damage restoration services to homeowners and businesses in the Texas Hill Country area.\u00a0Whether it&#8217;s caused by burst pipes, leaks, or natural disasters, we understand the urgency of addressing water damage promptly to prevent further issues. Our rapid [&hellip;]<\/p>","protected":false},"author":2,"featured_media":3924,"parent":0,"menu_order":0,"comment_status":"closed","ping_status":"closed","template":"service-landing-page.php","meta":{"_acf_changed":false,"footnotes":""},"class_list":["post-3837","page","type-page","status-publish","has-post-thumbnail","hentry"],"acf":[],"yoast_head":"<!-- This site is optimized with the Yoast SEO plugin v26.8 - https:\/\/yoast.com\/product\/yoast-seo-wordpress\/ -->\n<title>Restoration Services | 911 Restoration of Texas Hill Country<\/title>\n<meta name=\"description\" content=\"Property damage restoration services in Texas. Call 911 Restoration of Texas Hill Country today for a Fresh Start! 45 min ETA!\" \/>\n<meta name=\"robots\" content=\"index, follow, max-snippet:-1, max-image-preview:large, max-video-preview:-1\" \/>\n<link rel=\"canonical\" href=\"https:\/\/www.911restorationtexashillcountry.com\/es\/services\/\" \/>\n<meta name=\"twitter:label1\" content=\"Tiempo de lectura\" \/>\n\t<meta name=\"twitter:data1\" content=\"6 minutos\" \/>\n<!-- \/ Yoast SEO plugin. -->","yoast_head_json":{"title":"Restoration Services | 911 Restoration of Texas Hill Country","description":"Property damage restoration services in Texas. Call 911 Restoration of Texas Hill Country today for a Fresh Start! 45 min ETA!","robots":{"index":"index","follow":"follow","max-snippet":"max-snippet:-1","max-image-preview":"max-image-preview:large","max-video-preview":"max-video-preview:-1"},"canonical":"https:\/\/www.911restorationtexashillcountry.com\/es\/services\/","twitter_misc":{"Tiempo de lectura":"6 minutos"},"schema":{"@context":"https:\/\/schema.org","@graph":[{"@type":"WebPage","@id":"https:\/\/www.911restorationtexashillcountry.com\/services\/","url":"https:\/\/www.911restorationtexashillcountry.com\/services\/","name":"Restoration Services | 911 Restoration of Texas Hill Country","isPartOf":{"@id":"https:\/\/www.911restorationtexashillcountry.com\/#website"},"primaryImageOfPage":{"@id":"https:\/\/www.911restorationtexashillcountry.com\/services\/#primaryimage"},"image":{"@id":"https:\/\/www.911restorationtexashillcountry.com\/services\/#primaryimage"},"thumbnailUrl":"https:\/\/www.911restorationtexashillcountry.com\/wp-content\/uploads\/2023\/12\/service-page-banner.png","datePublished":"2023-08-08T15:00:20+00:00","dateModified":"2024-09-30T17:44:56+00:00","description":"Property damage restoration services in Texas. Call 911 Restoration of Texas Hill Country today for a Fresh Start! 45 min ETA!","breadcrumb":{"@id":"https:\/\/www.911restorationtexashillcountry.com\/services\/#breadcrumb"},"inLanguage":"es","potentialAction":[{"@type":"ReadAction","target":["https:\/\/www.911restorationtexashillcountry.com\/services\/"]}]},{"@type":"ImageObject","inLanguage":"es","@id":"https:\/\/www.911restorationtexashillcountry.com\/services\/#primaryimage","url":"https:\/\/www.911restorationtexashillcountry.com\/wp-content\/uploads\/2023\/12\/service-page-banner.png","contentUrl":"https:\/\/www.911restorationtexashillcountry.com\/wp-content\/uploads\/2023\/12\/service-page-banner.png","width":1200,"height":368},{"@type":"BreadcrumbList","@id":"https:\/\/www.911restorationtexashillcountry.com\/services\/#breadcrumb","itemListElement":[{"@type":"ListItem","position":1,"name":"Home","item":"https:\/\/www.911restorationtexashillcountry.com\/"},{"@type":"ListItem","position":2,"name":"Services"}]},{"@type":"WebSite","@id":"https:\/\/www.911restorationtexashillcountry.com\/#website","url":"https:\/\/www.911restorationtexashillcountry.com\/","name":"Pa\u00eds de las colinas de Texas","description":"(830) 206-0550","potentialAction":[{"@type":"SearchAction","target":{"@type":"EntryPoint","urlTemplate":"https:\/\/www.911restorationtexashillcountry.com\/?s={search_term_string}"},"query-input":{"@type":"PropertyValueSpecification","valueRequired":true,"valueName":"search_term_string"}}],"inLanguage":"es"}]}},"_links":{"self":[{"href":"https:\/\/www.911restorationtexashillcountry.com\/es\/wp-json\/wp\/v2\/pages\/3837","targetHints":{"allow":["GET"]}}],"collection":[{"href":"https:\/\/www.911restorationtexashillcountry.com\/es\/wp-json\/wp\/v2\/pages"}],"about":[{"href":"https:\/\/www.911restorationtexashillcountry.com\/es\/wp-json\/wp\/v2\/types\/page"}],"author":[{"embeddable":true,"href":"https:\/\/www.911restorationtexashillcountry.com\/es\/wp-json\/wp\/v2\/users\/2"}],"replies":[{"embeddable":true,"href":"https:\/\/www.911restorationtexashillcountry.com\/es\/wp-json\/wp\/v2\/comments?post=3837"}],"version-history":[{"count":9,"href":"https:\/\/www.911restorationtexashillcountry.com\/es\/wp-json\/wp\/v2\/pages\/3837\/revisions"}],"predecessor-version":[{"id":4083,"href":"https:\/\/www.911restorationtexashillcountry.com\/es\/wp-json\/wp\/v2\/pages\/3837\/revisions\/4083"}],"wp:featuredmedia":[{"embeddable":true,"href":"https:\/\/www.911restorationtexashillcountry.com\/es\/wp-json\/wp\/v2\/media\/3924"}],"wp:attachment":[{"href":"https:\/\/www.911restorationtexashillcountry.com\/es\/wp-json\/wp\/v2\/media?parent=3837"}],"curies":[{"name":"wp","href":"https:\/\/api.w.org\/{rel}","templated":true}]}}