{"id":3869,"date":"2023-08-14T14:17:42","date_gmt":"2023-08-14T21:17:42","guid":{"rendered":"https:\/\/www.911restorationtexashillcountry.com\/?page_id=3869"},"modified":"2023-08-14T14:31:59","modified_gmt":"2023-08-14T21:31:59","slug":"water-and-fire-damage-restoration-services-in-texas-hill-country","status":"publish","type":"page","link":"https:\/\/www.911restorationtexashillcountry.com\/es\/water-and-fire-damage-restoration-services-in-texas-hill-country\/","title":{"rendered":"Servicios de restauraci\u00f3n de da\u00f1os por agua e incendio en Texas Hill Country"},"content":{"rendered":"<p class=\"translation-block\"><span style=\"font-weight: 400\">En Texas Hill Country, <a href=\"https:\/\/www.911restorationtexashillcountry.com\/es\/services\/water-damage-restoration-kendall-county\/\" target=\"_self \"><span style=\"color: #0000ff\">el agua y el fuego<\/span><\/a> a veces pueden causar problemas en hogares y negocios. Cuando surgen estos problemas, es esencial contar con un equipo confiable al que recurrir. 911 Restoration of Texas Hill Country est\u00e1 aqu\u00ed para ser ese amigo de confianza. Entendemos los desaf\u00edos que conllevan estas emergencias. Es por eso que siempre estamos listos para intervenir, ofrecer nuestra experiencia y ayudar a que las cosas vuelvan a encarrilarse. Con nuestro apoyo, su lugar se sentir\u00e1 sano y salvo una vez m\u00e1s con nuestros servicios de restauraci\u00f3n.<\/span><\/p>\n<p>\u00a0<\/p>\n<h2><b>Restauraci\u00f3n certificada de da\u00f1os por agua e incendio en Texas Hill Country<\/b><\/h2>\n<p class=\"translation-block\"><span style=\"font-weight: 400\">Vivir en Texas Hill Country es fant\u00e1stico, pero a veces nuestros hogares pueden resultar da\u00f1ados por el agua o el fuego. Este puede ser un momento dif\u00edcil para cualquier familia. \u00a1Ah\u00ed es donde entramos nosotros! En 911 Restoration, nuestro equipo capacitado siempre est\u00e1 listo para ayudar a que todo vuelva a la normalidad. Conocemos todos los pasos para limpiar, reparar da\u00f1os y asegurarnos de que su hogar se sienta como en casa nuevamente. Adem\u00e1s, estamos certificados, lo que significa que contamos con capacitaci\u00f3n y herramientas especiales para hacer bien el trabajo. Ya sea una gran inundaci\u00f3n o un <a href=\"https:\/\/www.911restorationtexashillcountry.com\/es\/services\/fire-smoke-damage\/\" target=\"_self\"><span style=\"color: #0000ff\">peque\u00f1o fuego de cocina<\/span><\/a>, puedes confiar en nosotros para ayudarte.<\/span><\/p>\n<p><span style=\"font-weight: 400;\">Algunos de nuestros servicios incluyen, pero no se limitan a:<\/span><\/p>\n<ul>\n<li style=\"font-weight: 400;\" aria-level=\"1\"><a href=\"https:\/\/www.911restorationtexashillcountry.com\/es\/services\/water-damage-restoration-kendall-county\/\"><span style=\"font-weight: 400;\">Restauraci\u00f3n de da\u00f1os por agua<\/span><\/a><\/li>\n<li style=\"font-weight: 400;\" aria-level=\"1\"><a href=\"https:\/\/www.911restorationtexashillcountry.com\/es\/services\/sewage-backup-cleanup\/\"><span style=\"font-weight: 400;\">Limpieza de respaldo de alcantarillado<\/span><\/a><\/li>\n<li style=\"font-weight: 400;\" aria-level=\"1\"><a href=\"https:\/\/www.911restorationtexashillcountry.com\/es\/services\/mold-removal-kendall-county\/\"><span style=\"font-weight: 400;\">Eliminaci\u00f3n de moho<\/span><\/a><\/li>\n<li style=\"font-weight: 400;\" aria-level=\"1\"><a href=\"https:\/\/www.911restorationtexashillcountry.com\/es\/services\/fire-smoke-damage\/\"><span style=\"font-weight: 400;\">Restauraci\u00f3n de da\u00f1os por fuego y humo<\/span><\/a><\/li>\n<li style=\"font-weight: 400;\" aria-level=\"1\"><a href=\"https:\/\/www.911restorationtexashillcountry.com\/es\/services\/disaster-restoration\/\"><span style=\"font-weight: 400;\">Restauraci\u00f3n de desastres<\/span><\/a><\/li>\n<li style=\"font-weight: 400;\" aria-level=\"1\"><a href=\"https:\/\/www.911restorationtexashillcountry.com\/es\/services\/sanitization-cleanup-services-kendall-county\/\"><span style=\"font-weight: 400;\">Servicios de desinfecci\u00f3n<\/span><\/a><\/li>\n<li style=\"font-weight: 400;\" aria-level=\"1\"><a href=\"https:\/\/www.911restorationtexashillcountry.com\/es\/services\/commercial-property-damage\/\"><span style=\"font-weight: 400;\">Restauraci\u00f3n de Propiedad Comercial<\/span><\/a><\/li>\n<\/ul>\n<p>\u00a0<\/p>\n<h2><b>Respuesta de restauraci\u00f3n ante desastres r\u00e1pida y confiable: \u00a1ETA de 45 minutos!<\/b><\/h2>\n<p><span style=\"font-weight: 400;\">Cuando ocurre un desastre en Texas Hill Country, cada minuto cuenta. El agua puede inundar sus pisos y los incendios pueden carbonizar sus paredes. Es por eso que en 911 Restoration of Texas Hill Country nos enorgullecemos de nuestra r\u00e1pida respuesta. Entendemos que en las emergencias el tiempo es esencial. \u00bfNuestra promesa? Estar en la puerta de su casa dentro de los 45 minutos posteriores a su llamada, listo con todas las herramientas necesarias y un equipo dedicado. Con nuestro r\u00e1pido servicio, puede confiar en nosotros para abordar el problema antes de que empeore.<\/span><\/p>\n<h3><b>Servicios de restauraci\u00f3n de agua y incendios con un nuevo comienzo<\/b><\/h3>\n<p><span style=\"font-weight: 400;\">Experimentar da\u00f1os por agua o incendio puede ser estresante. M\u00e1s all\u00e1 del da\u00f1o inmediato, puede parecer que se pierde una parte del esp\u00edritu de su hogar. Pero con 911 Restoration of Texas Hill Country, cada trabajo de restauraci\u00f3n es una oportunidad para un nuevo comienzo. Nuestro equipo no solo repara el da\u00f1o: nuestro objetivo es rejuvenecer su espacio, haci\u00e9ndolo a\u00fan mejor que antes. Piense en ello no s\u00f3lo como una reparaci\u00f3n, sino como una renovaci\u00f3n. Estamos aqu\u00ed para traer nueva vida y esperanza a su hogar o negocio despu\u00e9s de tiempos dif\u00edciles.<\/span><\/p>\n<p>\u00a0<\/p>\n<h2><b>Preguntas frecuentes<\/b><\/h2>\n<h3><b>\u00bfCu\u00e1nto tiempo tardan los da\u00f1os por agua en afectar su hogar?<\/b><\/h3>\n<p><span style=\"font-weight: 400;\">Los da\u00f1os causados por el agua pueden afectar su hogar con bastante rapidez. En cuesti\u00f3n de minutos, el agua puede esparcirse, manchar las paredes y da\u00f1ar los pisos. Si equipos como el nuestro en 911 Restoration of Texas Hill Country no lo abordan de inmediato, el da\u00f1o puede empeorar en horas y d\u00edas.\u00a0<\/span><\/p>\n<ul>\n<li style=\"font-weight: 400;\" aria-level=\"1\"><span style=\"font-weight: 400;\">Minutos: El agua se esparce, mancha las superficies y empapa los art\u00edculos.<\/span><\/li>\n<li style=\"font-weight: 400;\" aria-level=\"1\"><span style=\"font-weight: 400;\">Horas: La madera se hincha, el metal se empa\u00f1a y algunos materiales se estropean.<\/span><\/li>\n<li style=\"font-weight: 400;\" aria-level=\"1\"><span style=\"font-weight: 400;\">D\u00edas: El moho comienza a crecer y se desarrollan olores desagradables.<\/span><\/li>\n<\/ul>\n<h3><b>\u00bfPuede el da\u00f1o causado por el agua causar moho?<\/b><\/h3>\n<p class=\"translation-block\"><span style=\"font-weight: 400\">S\u00ed, los da\u00f1os causados por el agua pueden provocar el crecimiento de moho. Las \u00e1reas mojadas o h\u00famedas de su hogar crean un ambiente perfecto para <a href=\"https:\/\/www.911restorationtexashillcountry.com\/es\/services\/mold-removal-kendall-county\/\" target=\"_self\"><span style=\"color: #0000ff\">esporas de moho<\/span><\/a> para prosperar. Si los da\u00f1os causados por el agua no son tratados r\u00e1pidamente por profesionales como nuestro equipo en 911 Restauraci\u00f3n de Texas Hill Country:<\/span><\/p>\n<ul>\n<li style=\"font-weight: 400;\" aria-level=\"1\"><span style=\"font-weight: 400;\">El moho puede empezar a crecer en tan solo 24 a 48 horas.<\/span><\/li>\n<li style=\"font-weight: 400;\" aria-level=\"1\"><span style=\"font-weight: 400;\">El moho puede provocar problemas de salud, especialmente para personas con alergias o afecciones respiratorias.<\/span><\/li>\n<\/ul>\n<h3><b>\u00bfCu\u00e1les son los signos de da\u00f1os por agua en paredes y techos?<\/b><\/h3>\n<p><span style=\"font-weight: 400;\">Los da\u00f1os causados por el agua pueden manifestarse de varias maneras en las paredes y techos. Estar atento puede ayudarle a detectar problemas desde el principio:<\/span><\/p>\n<ul>\n<li style=\"font-weight: 400;\" aria-level=\"1\"><span style=\"font-weight: 400;\">Decoloraci\u00f3n: Manchas de agua marrones o amarillentas.<\/span><\/li>\n<li style=\"font-weight: 400;\" aria-level=\"1\"><span style=\"font-weight: 400;\">Pintura o papel tapiz descascarado: causado por la humedad detr\u00e1s de ellos.<\/span><\/li>\n<li style=\"font-weight: 400;\" aria-level=\"1\"><span style=\"font-weight: 400;\">Deformaci\u00f3n: Paredes o techos que se abultan o se pandean.<\/span><\/li>\n<li style=\"font-weight: 400;\" aria-level=\"1\"><span style=\"font-weight: 400;\">Olores a humedad: Indicativo de humedad oculta o crecimiento de moho.<\/span><\/li>\n<\/ul>\n<h3><b>\u00bfLos da\u00f1os causados por el agua son peligrosos para la salud en casa?<\/b><\/h3>\n<p><span style=\"font-weight: 400;\">Los da\u00f1os causados por el agua pueden suponer riesgos para la salud si no se abordan. Agua estancada o humedad:<\/span><\/p>\n<ul>\n<li style=\"font-weight: 400;\" aria-level=\"1\"><span style=\"font-weight: 400;\">Puede provocar el crecimiento de moho y afectar la calidad del aire.<\/span><\/li>\n<li style=\"font-weight: 400;\" aria-level=\"1\"><span style=\"font-weight: 400;\">Podr\u00eda albergar bacterias, especialmente si provienen de una fuente como una acumulaci\u00f3n de alcantarillado.<\/span><\/li>\n<li style=\"font-weight: 400;\" aria-level=\"1\"><span style=\"font-weight: 400;\">Puede agravar las alergias o el asma en personas sensibles.<\/span><\/li>\n<\/ul>\n<h3><b>\u00bfD\u00f3nde aparecen con frecuencia los da\u00f1os causados por el agua en el hogar?<\/b><\/h3>\n<p><span style=\"font-weight: 400;\">Los da\u00f1os causados por el agua pueden ocurrir casi en cualquier lugar, pero ciertas \u00e1reas son m\u00e1s propensas a sufrirlos:<\/span><\/p>\n<ul>\n<li style=\"font-weight: 400;\" aria-level=\"1\"><span style=\"font-weight: 400;\">S\u00f3tanos: propensos a inundaciones y filtraciones de agua.<\/span><\/li>\n<li style=\"font-weight: 400;\" aria-level=\"1\"><span style=\"font-weight: 400;\">Ba\u00f1os: Por goteras, desbordamientos o alta humedad.<\/span><\/li>\n<li style=\"font-weight: 400;\" aria-level=\"1\"><span style=\"font-weight: 400;\">Cocinas: Los electrodom\u00e9sticos como lavavajillas y frigor\u00edficos pueden tener fugas.<\/span><\/li>\n<li style=\"font-weight: 400;\" aria-level=\"1\"><span style=\"font-weight: 400;\">Techos y \u00e1ticos: las tejas da\u00f1adas o las canaletas bloqueadas pueden dejar entrar agua.<\/span><\/li>\n<\/ul>\n<p><span style=\"font-weight: 400;\">Al ser conscientes de estos frecuentes puntos problem\u00e1ticos y de los posibles signos de da\u00f1os por agua, los propietarios pueden actuar con rapidez y llamar a equipos como el 911 Restoration of Texas Hill Country para mitigar los da\u00f1os.<\/span><\/p>\n<p>\u00a0<\/p>\n<p class=\"translation-block\"><span style=\"font-weight: 400\">En 911 Restoration of Texas Hill Country, somos firmes en nuestra misi\u00f3n de brindar servicios de restauraci\u00f3n de agua y incendios de primer nivel. Nuestra dedicaci\u00f3n a la excelencia est\u00e1 subrayada por nuestra <\/span><a href=\"http:\/\/iicrc.org\" target=\"_self\"><span style=\"font-weight: 400\">certificaci\u00f3n IICRC<\/span><\/a><span style=\"font-weight: 400\">, garantizando que cada proyecto que llevamos a cabo cumpla con el est\u00e1ndar de oro de la industria. <\/span><\/p>\n<p class=\"translation-block\"><span style=\"font-weight: 400\">Para los residentes y empresas de Texas Hill Country que enfrentan los desaf\u00edos de da\u00f1os por agua o incendio, nuestro equipo ofrece no solo experiencia t\u00e9cnica, sino tambi\u00e9n una mano compasiva para guiarlos a trav\u00e9s de la recuperaci\u00f3n. Si se enfrenta a da\u00f1os o busca asesoramiento sobre servicios de restauraci\u00f3n, no lo dude. Cont\u00e1ctenos hoy al <\/span><a href=\"tel:(830)206-0550\" target=\"_self\"><span style=\"font-weight: 400\">(830)206-0550<\/span><\/a><span style=\"font-weight: 400\"> y perm\u00edtanos ayudarle a recuperar y rejuvenecer su espacio.<\/span><\/p>\n<p>\u00a0<\/p>\n<p class=\"translation-block\"><a href=\"https:\/\/www.911restorationtexashillcountry.com\/es\/\" target=\"_self\"><span style=\"font-weight: 400\">911 Restauraci\u00f3n de Texas Hill Country<\/span><\/a><span style=\"font-weight: 400\"> se encuentra en <\/span><a href=\"https:\/\/g.page\/r\/CRLCstfpFvGGEAE\" target=\"_self\"><span style=\"font-weight : 400\">1415 E. Blanco Rd. Suite 8, Boerne, TX 78015<\/span><\/a><b>. <\/b><\/p>\n<p>\u00a0<\/p>","protected":false},"excerpt":{"rendered":"<p>In Texas Hill Country, water and fire can sometimes cause problems for homes and businesses. When these issues pop up, it&#8217;s essential to have a trusted team to turn to. 911 Restoration of Texas Hill Country is here to be that trusted friend. We understand the challenges that come with these emergencies. That&#8217;s why we&#8217;re [&hellip;]<\/p>","protected":false},"author":2,"featured_media":3221,"parent":0,"menu_order":0,"comment_status":"closed","ping_status":"closed","template":"","meta":{"_acf_changed":false,"footnotes":""},"class_list":["post-3869","page","type-page","status-publish","has-post-thumbnail","hentry"],"acf":[],"yoast_head":"<!-- This site is optimized with the Yoast SEO plugin v26.8 - https:\/\/yoast.com\/product\/yoast-seo-wordpress\/ -->\n<title>Restoration Services - 911 Restoration of Texas Hill Country<\/title>\n<meta name=\"description\" content=\"Certified water and fire damage restoration services. Call 911 Restoration of Texas Hill Country for a Fresh Start! 45 min ETA! 24\/7\/365!\" \/>\n<meta name=\"robots\" content=\"index, follow, max-snippet:-1, max-image-preview:large, max-video-preview:-1\" \/>\n<link rel=\"canonical\" href=\"https:\/\/www.911restorationtexashillcountry.com\/es\/water-and-fire-damage-restoration-services-in-texas-hill-country\/\" \/>\n<meta name=\"twitter:label1\" content=\"Tiempo de lectura\" \/>\n\t<meta name=\"twitter:data1\" content=\"4 minutos\" \/>\n<!-- \/ Yoast SEO plugin. -->","yoast_head_json":{"title":"Restoration Services - 911 Restoration of Texas Hill Country","description":"Certified water and fire damage restoration services. Call 911 Restoration of Texas Hill Country for a Fresh Start! 45 min ETA! 24\/7\/365!","robots":{"index":"index","follow":"follow","max-snippet":"max-snippet:-1","max-image-preview":"max-image-preview:large","max-video-preview":"max-video-preview:-1"},"canonical":"https:\/\/www.911restorationtexashillcountry.com\/es\/water-and-fire-damage-restoration-services-in-texas-hill-country\/","twitter_misc":{"Tiempo de lectura":"4 minutos"},"schema":{"@context":"https:\/\/schema.org","@graph":[{"@type":"WebPage","@id":"https:\/\/www.911restorationtexashillcountry.com\/water-and-fire-damage-restoration-services-in-texas-hill-country\/","url":"https:\/\/www.911restorationtexashillcountry.com\/water-and-fire-damage-restoration-services-in-texas-hill-country\/","name":"Restoration Services - 911 Restoration of Texas Hill Country","isPartOf":{"@id":"https:\/\/www.911restorationtexashillcountry.com\/#website"},"primaryImageOfPage":{"@id":"https:\/\/www.911restorationtexashillcountry.com\/water-and-fire-damage-restoration-services-in-texas-hill-country\/#primaryimage"},"image":{"@id":"https:\/\/www.911restorationtexashillcountry.com\/water-and-fire-damage-restoration-services-in-texas-hill-country\/#primaryimage"},"thumbnailUrl":"https:\/\/www.911restorationtexashillcountry.com\/wp-content\/uploads\/2020\/02\/commercial-restoration-banner.jpg","datePublished":"2023-08-14T21:17:42+00:00","dateModified":"2023-08-14T21:31:59+00:00","description":"Certified water and fire damage restoration services. Call 911 Restoration of Texas Hill Country for a Fresh Start! 45 min ETA! 24\/7\/365!","breadcrumb":{"@id":"https:\/\/www.911restorationtexashillcountry.com\/water-and-fire-damage-restoration-services-in-texas-hill-country\/#breadcrumb"},"inLanguage":"es","potentialAction":[{"@type":"ReadAction","target":["https:\/\/www.911restorationtexashillcountry.com\/water-and-fire-damage-restoration-services-in-texas-hill-country\/"]}]},{"@type":"ImageObject","inLanguage":"es","@id":"https:\/\/www.911restorationtexashillcountry.com\/water-and-fire-damage-restoration-services-in-texas-hill-country\/#primaryimage","url":"https:\/\/www.911restorationtexashillcountry.com\/wp-content\/uploads\/2020\/02\/commercial-restoration-banner.jpg","contentUrl":"https:\/\/www.911restorationtexashillcountry.com\/wp-content\/uploads\/2020\/02\/commercial-restoration-banner.jpg","width":1200,"height":400,"caption":"water damage restoration banner"},{"@type":"BreadcrumbList","@id":"https:\/\/www.911restorationtexashillcountry.com\/water-and-fire-damage-restoration-services-in-texas-hill-country\/#breadcrumb","itemListElement":[{"@type":"ListItem","position":1,"name":"Home","item":"https:\/\/www.911restorationtexashillcountry.com\/"},{"@type":"ListItem","position":2,"name":"Water and Fire Damage Restoration Services in Texas Hill Country"}]},{"@type":"WebSite","@id":"https:\/\/www.911restorationtexashillcountry.com\/#website","url":"https:\/\/www.911restorationtexashillcountry.com\/","name":"Pa\u00eds de las colinas de Texas","description":"(830) 206-0550","potentialAction":[{"@type":"SearchAction","target":{"@type":"EntryPoint","urlTemplate":"https:\/\/www.911restorationtexashillcountry.com\/?s={search_term_string}"},"query-input":{"@type":"PropertyValueSpecification","valueRequired":true,"valueName":"search_term_string"}}],"inLanguage":"es"}]}},"_links":{"self":[{"href":"https:\/\/www.911restorationtexashillcountry.com\/es\/wp-json\/wp\/v2\/pages\/3869","targetHints":{"allow":["GET"]}}],"collection":[{"href":"https:\/\/www.911restorationtexashillcountry.com\/es\/wp-json\/wp\/v2\/pages"}],"about":[{"href":"https:\/\/www.911restorationtexashillcountry.com\/es\/wp-json\/wp\/v2\/types\/page"}],"author":[{"embeddable":true,"href":"https:\/\/www.911restorationtexashillcountry.com\/es\/wp-json\/wp\/v2\/users\/2"}],"replies":[{"embeddable":true,"href":"https:\/\/www.911restorationtexashillcountry.com\/es\/wp-json\/wp\/v2\/comments?post=3869"}],"version-history":[{"count":3,"href":"https:\/\/www.911restorationtexashillcountry.com\/es\/wp-json\/wp\/v2\/pages\/3869\/revisions"}],"predecessor-version":[{"id":3875,"href":"https:\/\/www.911restorationtexashillcountry.com\/es\/wp-json\/wp\/v2\/pages\/3869\/revisions\/3875"}],"wp:featuredmedia":[{"embeddable":true,"href":"https:\/\/www.911restorationtexashillcountry.com\/es\/wp-json\/wp\/v2\/media\/3221"}],"wp:attachment":[{"href":"https:\/\/www.911restorationtexashillcountry.com\/es\/wp-json\/wp\/v2\/media?parent=3869"}],"curies":[{"name":"wp","href":"https:\/\/api.w.org\/{rel}","templated":true}]}}