{"id":3884,"date":"2023-10-02T07:25:41","date_gmt":"2023-10-02T14:25:41","guid":{"rendered":"https:\/\/www.911restorationtexashillcountry.com\/?page_id=3884"},"modified":"2023-10-02T08:24:07","modified_gmt":"2023-10-02T15:24:07","slug":"advanced-restoration-equipment","status":"publish","type":"page","link":"https:\/\/www.911restorationtexashillcountry.com\/es\/about-911-restoration\/advanced-restoration-equipment\/","title":{"rendered":"Equipo de restauraci\u00f3n avanzado"},"content":{"rendered":"<p class=\"translation-block\"><span style=\"font-weight: 400\">911 Restoration of Texas Hill Country est\u00e1 a la vanguardia de la industria de la restauraci\u00f3n gracias a su inversi\u00f3n en equipos de \u00faltima generaci\u00f3n. Entienden que la eficacia de los servicios de restauraci\u00f3n depende en gran medida de las herramientas utilizadas y no escatiman gastos para asegurarse de contar con las mejores. Con una amplia gama de equipos avanzados, que incluyen<a href=\"https:\/\/www.911restorationtexashillcountry.com\/es\/water-and-fire-damage-restoration-services-in-texas-hill-country\/\" target=\"_self\"><span style=\"color: #0000ff\"> extractores de agua de alta capacidad<\/span><\/a>, deshumidificadores de grado industrial y c\u00e1maras termogr\u00e1ficas, el equipo puede evaluar y mitigar r\u00e1pidamente los da\u00f1os causados por el agua, el crecimiento de moho, y otras cuestiones de propiedad. Este compromiso con la tecnolog\u00eda no solo mejora su eficiencia sino que tambi\u00e9n garantiza que los clientes reciban el servicio de la m\u00e1s alta calidad posible.<\/span><\/p>\n<p><span style=\"font-weight: 400;\">Adem\u00e1s, la utilizaci\u00f3n de equipos avanzados por parte de 911 Restoration of Texas Hill Country se extiende a su compromiso con las pr\u00e1cticas de restauraci\u00f3n ecol\u00f3gicas. Emplean depuradores de aire y generadores de ozono l\u00edderes en la industria que eliminan eficazmente los olores y contaminantes y, al mismo tiempo, son responsables con el medio ambiente. Esta dedicaci\u00f3n tanto a la tecnolog\u00eda como a la conciencia ambiental los distingue como una empresa de restauraci\u00f3n que no solo restaura hogares y negocios, sino que lo hace con una gran atenci\u00f3n a la sostenibilidad, garantizando el bienestar tanto de la propiedad como del planeta.<\/span><\/p>\n<p><span style=\"font-weight: 400;\">En resumen, la inversi\u00f3n de 911 Restoration of Texas Hill Country en equipos de restauraci\u00f3n avanzados demuestra su dedicaci\u00f3n inquebrantable para brindar servicios de primer nivel a sus clientes y al mismo tiempo ser conscientes del impacto ambiental de su trabajo.<\/span><\/p>\n<h2><b>Equipos de detecci\u00f3n y medici\u00f3n de humedad<img loading=\"lazy\" decoding=\"async\" class=\"wp-image-3752 size-full alignright\" src=\"https:\/\/www.911restorationtexashillcountry.com\/wp-content\/uploads\/2022\/06\/Removal-Team-On-Site-2.jpg\" alt=\"mold removal restoration remediation crew on sitemold removal restoration remediation crew Texas Hill Country\" width=\"300\" height=\"225\" \/><\/b><\/h2>\n<p><span style=\"font-weight: 400;\">911 Restoration of Texas Hill Country se basa en equipos de medici\u00f3n y detecci\u00f3n de humedad de \u00faltima generaci\u00f3n para garantizar evaluaciones exhaustivas y precisas de los da\u00f1os causados por el agua en las propiedades. Su compromiso con la precisi\u00f3n y la eficacia es evidente en las herramientas que utilizan, que incluyen:<\/span><\/p>\n<ul>\n<li style=\"font-weight: 400;\" aria-level=\"1\" class=\"translation-block\"><b>C\u00e1maras de im\u00e1genes t\u00e9rmicas:<\/b><span style=\"font-weight: 400\"> Estas c\u00e1maras utilizan tecnolog\u00eda infrarroja para detectar variaciones de temperatura, revelando niveles de humedad ocultos detr\u00e1s de paredes o techos. Al identificar estas bolsas ocultas de humedad, el equipo puede abordarlas r\u00e1pidamente, evitando da\u00f1os mayores o <a href=\"https:\/\/www.911restorationtexashillcountry.com\/es\/services\/mold-removal-kendall-county\/\" target=\"_self\"><span style=\"color: #0000ff\">crecimiento de moho<\/span><\/a>.<\/span><\/li>\n<li style=\"font-weight: 400;\" aria-level=\"1\" class=\"translation-block\"><b>Medidores de humedad: <\/b><span style=\"font-weight: 400\">Los medidores de humedad son herramientas esenciales para cuantificar el contenido de humedad en diversos materiales como madera, paneles de yeso y aislamiento. Al utilizar estos medidores, 911 Restoration of Texas Hill Country puede evaluar con precisi\u00f3n el alcance del da\u00f1o causado por el agua y determinar las estrategias de restauraci\u00f3n m\u00e1s apropiadas.<\/span><\/li>\n<li style=\"font-weight: 400;\" aria-level=\"1\" class=\"translation-block\"><b>Sensores hidr\u00e1ulicos: <\/b><span style=\"font-weight: 400\">Estos sensores est\u00e1n dise\u00f1ados para detectar humedad en alfombras y otros materiales para pisos. Pueden identificar \u00e1reas afectadas por la intrusi\u00f3n de agua, incluso si no son visibles a simple vista. Esta precisi\u00f3n permite procedimientos espec\u00edficos de extracci\u00f3n de agua y secado, lo que reduce el tiempo total de restauraci\u00f3n.<\/span><\/li>\n<\/ul>\n<h2><b>Los higr\u00f3metros detectan vapor de agua<\/b><\/h2>\n<p><span style=\"font-weight: 400;\">Los higr\u00f3metros son instrumentos cruciales para medir los niveles de humedad en el aire, lo que ayuda al 911 Restoration of Texas Hill Country a brindar servicios integrales de control de la humedad. As\u00ed es como se utilizan:<\/span><\/p>\n<ul>\n<li style=\"font-weight: 400;\" aria-level=\"1\" class=\"translation-block\"><b>Evaluaci\u00f3n de la humedad: <\/b><span style=\"font-weight: 400\">Los higr\u00f3metros se utilizan para medir la humedad relativa en una propiedad. Al monitorear los niveles de humedad, el equipo de restauraci\u00f3n puede identificar las condiciones que favorecen el crecimiento de moho y actuar r\u00e1pidamente para rectificarlas.<\/span><\/li>\n<li style=\"font-weight: 400;\" aria-level=\"1\" class=\"translation-block\"><b>Monitoreo del progreso del secado: <\/b><span style=\"font-weight: 400\">Durante el proceso de secado, se emplean higr\u00f3metros para rastrear la reducci\u00f3n de los niveles de humedad. Esto garantiza que la propiedad vuelva a su estado anterior al da\u00f1o y al mismo tiempo previene problemas secundarios como infestaciones de moho.<\/span><\/li>\n<li style=\"font-weight: 400;\" aria-level=\"1\" class=\"translation-block\"><b>Eficiencia de restauraci\u00f3n:<\/b><span style=\"font-weight: 400\"> Los higr\u00f3metros desempe\u00f1an un papel vital en la optimizaci\u00f3n de la eficiencia del proceso de restauraci\u00f3n. Ayudan a determinar cu\u00e1ndo es seguro concluir los procedimientos de secado, garantizando que no quede humedad residual, lo que podr\u00eda provocar da\u00f1os mayores.<\/span><\/li>\n<\/ul>\n<p><span style=\"font-weight: 400;\">El uso de higr\u00f3metros y otros equipos avanzados de detecci\u00f3n de humedad por parte de 911 Restoration of Texas Hill Country demuestra su compromiso con la precisi\u00f3n y la minuciosidad en cada proyecto de restauraci\u00f3n.\u00a0<\/span><\/p>\n<h2><b>Los medidores de humedad detectan la humedad de superficies duras<\/b><\/h2>\n<p><span style=\"font-weight: 400;\">911 Restoration of Texas Hill Country emplea medidores de humedad avanzados que desempe\u00f1an un papel fundamental en el proceso de restauraci\u00f3n de da\u00f1os por agua. Estos medidores de humedad est\u00e1n dise\u00f1ados para detectar y medir niveles de humedad en superficies duras como madera, paneles de yeso y concreto. Al utilizar este equipo especializado, el equipo de restauraci\u00f3n puede evaluar con precisi\u00f3n el alcance del da\u00f1o causado por el agua, incluso cuando no es f\u00e1cilmente visible. Esta precisi\u00f3n les permite identificar da\u00f1os ocultos, adaptar soluciones de restauraci\u00f3n y minimizar las alteraciones en la propiedad.<\/span><\/p>\n<h2><b>Las c\u00e1maras infrarrojas detectan da\u00f1os por agua<\/b><\/h2>\n<p><span style=\"font-weight: 400;\">911 Restoration of Texas Hill Country utiliza c\u00e1maras infrarrojas de \u00faltima generaci\u00f3n como parte de su proceso de evaluaci\u00f3n y restauraci\u00f3n de da\u00f1os por agua. Las c\u00e1maras infrarrojas funcionan capturando variaciones de temperatura, revelando \u00e1reas de humedad o da\u00f1os por agua que pueden ser invisibles a simple vista. Estas c\u00e1maras son invaluables por varias razones, incluida la identificaci\u00f3n de intrusiones de agua ocultas, lo que permite esfuerzos de restauraci\u00f3n espec\u00edficos y proporciona una validaci\u00f3n posterior a la restauraci\u00f3n que garantiza que la propiedad est\u00e9 completamente seca. Al incorporar medidores de humedad y c\u00e1maras infrarrojas en su conjunto de herramientas de restauraci\u00f3n, 911 Restoration of Texas Hill Country demuestra su compromiso con la restauraci\u00f3n exhaustiva y eficaz de los da\u00f1os causados por el agua.<\/span><\/p>\n<h2><b>Equipos de extracci\u00f3n y mitigaci\u00f3n de agua.<\/b><\/h2>\n<p class=\"translation-block\"><span style=\"font-weight: 400\">911 Restoration of Texas Hill Country est\u00e1 equipado con herramientas y maquinaria avanzadas dise\u00f1adas espec\u00edficamente para <a href=\"https:\/\/www.911restorationtexashillcountry.com\/es\/services\/water- Damage-restoration-kendall-county\/\" target=\"_self\"><span style=\"color: #0000ff\">extracci\u00f3n y mitigaci\u00f3n de agua<\/span><\/a>. Su enfoque integral para la restauraci\u00f3n de da\u00f1os por agua incluye el uso de equipos de \u00faltima generaci\u00f3n para garantizar un proceso de restauraci\u00f3n r\u00e1pido y eficaz. Estas son algunas de las herramientas y equipos clave que emplean:<\/span><\/p>\n<h3><b>Extractores de agua de alta capacidad:<\/b><\/h3>\n<p><span style=\"font-weight: 400;\">Estas poderosas m\u00e1quinas est\u00e1n dise\u00f1adas para eliminar grandes vol\u00famenes de agua de manera r\u00e1pida y eficiente de las \u00e1reas afectadas. Pueden extraer agua de alfombras, pisos y otras superficies, evitando una mayor saturaci\u00f3n y da\u00f1os estructurales.<\/span><\/p>\n<h3><b>Deshumidificadores de grado industrial:<\/b><\/h3>\n<p><span style=\"font-weight: 400;\">Para controlar los niveles de humedad y prevenir el crecimiento de moho, 911 Restoration of Texas Hill Country utiliza deshumidificadores industriales. Estas unidades son capaces de eliminar la humedad del aire, garantizando un ambiente seco y seguro para los ocupantes.<\/span><\/p>\n<h3><b>Transportadores de aire: <\/b><\/h3>\n<p><span style=\"font-weight: 400;\">Los motores de aire est\u00e1n ubicados estrat\u00e9gicamente para facilitar el secado r\u00e1pido al promover la circulaci\u00f3n del aire. Esto ayuda a reducir el tiempo de secado y minimiza el riesgo de da\u00f1os secundarios como el crecimiento de moho y hongos.<\/span><\/p>\n<h3><b>Dispositivos de detecci\u00f3n de humedad:<\/b><\/h3>\n<p><span style=\"font-weight: 400;\">Para monitorear el progreso del proceso de mitigaci\u00f3n, el equipo emplea dispositivos de detecci\u00f3n de humedad, como medidores de humedad y c\u00e1maras termogr\u00e1ficas. Estas herramientas ayudan a garantizar que toda la humedad se elimine de manera efectiva y que la propiedad est\u00e9 completamente seca.<\/span><\/p>\n<h3><b>Agentes antimicrobianos y de limpieza:<\/b><\/h3>\n<p><span style=\"font-weight: 400;\">En casos de da\u00f1os por agua, el saneamiento es fundamental. 911 Restoration of Texas Hill Country utiliza agentes antimicrobianos y de limpieza para desinfectar y restaurar las \u00e1reas afectadas, garantizando que sean seguras para habitar.<\/span><\/p>\n<h3><b>Bombas de Sumidero y Camiones Extractores: <\/b><\/h3>\n<p class=\"translation-block\">Para situaciones de inundaci\u00f3n m\u00e1s graves, el equipo tiene acceso a bombas de sumidero y camiones extractores. Estas m\u00e1quinas de servicio pesado pueden manejar la eliminaci\u00f3n de agua a gran escala y son fundamentales para mitigar da\u00f1os extensos por agua. Su compromiso de utilizar tecnolog\u00eda avanzada subraya su dedicaci\u00f3n a brindar servicios de restauraci\u00f3n de alta calidad a la comunidad de Texas Hill Country.<\/p>\n<h2><b>Equipos de secado para sus necesidades<\/b><\/h2>\n<p><span style=\"font-weight: 400;\">El dedicado equipo de profesionales de 911 Restoration of Texas Hill Country y su extenso inventario de herramientas de secado garantizan un proceso de secado r\u00e1pido e integral, ya sea una intrusi\u00f3n de agua residencial o una inundaci\u00f3n comercial. Para acceder a sus servicios expertos de secado, simplemente comun\u00edquese con 911 Restoration of Texas Hill Country al (830) 206-0550.<\/span><\/p>\n<p class=\"translation-block\"><span style=\"font-weight: 400\"><a href=\"http:\/\/iicrc.org\" target=\"_self\"><span style=\"color: #0000ff\">Expertos certificados por IICRC<\/span><\/a> en 911 Restoration La dedicaci\u00f3n de Texas Hill Country a brindar soluciones de secado personalizadas subraya su compromiso de brindar servicios eficientes y efectivos de restauraci\u00f3n de da\u00f1os causados por el agua. Ya sea que se trate de una fuga menor o una inundaci\u00f3n importante, su experiencia y equipo de \u00faltima generaci\u00f3n los convierten en un recurso confiable en la regi\u00f3n de Texas Hill Country. Para obtener asistencia inmediata, comun\u00edquese con ellos al <a href=\"tel:(830) 206-0550\" target=\"_self\"><span style=\"color: #0000ff\">(830) 206-0550<\/span><\/a>.<\/span><\/p>\n<p>\u00a0<\/p>\n<p>\u00a0<\/p>","protected":false},"excerpt":{"rendered":"<p>911 Restoration of Texas Hill Country is at the forefront of the restoration industry thanks to its investment in cutting-edge equipment. They understand that the effectiveness of restoration services greatly depends on the tools used, and they spare no expense in ensuring they have the best. With a wide array of advanced equipment, including high-capacity [&hellip;]<\/p>","protected":false},"author":2,"featured_media":3221,"parent":5,"menu_order":0,"comment_status":"closed","ping_status":"closed","template":"","meta":{"_acf_changed":false,"footnotes":""},"class_list":["post-3884","page","type-page","status-publish","has-post-thumbnail","hentry"],"acf":[],"yoast_head":"<!-- This site is optimized with the Yoast SEO plugin v26.8 - https:\/\/yoast.com\/product\/yoast-seo-wordpress\/ -->\n<title>Advanced Restoration Equipment | 911 Restoration Texas Hill<\/title>\n<meta name=\"description\" content=\"With rapid changes in advanced restoration equipment, techniques, we prioritize investing in the industry&#039;s best equipment. Call us today!\" \/>\n<meta name=\"robots\" content=\"index, follow, max-snippet:-1, max-image-preview:large, max-video-preview:-1\" \/>\n<link rel=\"canonical\" href=\"https:\/\/www.911restorationtexashillcountry.com\/es\/about-911-restoration\/advanced-restoration-equipment\/\" \/>\n<meta name=\"twitter:label1\" content=\"Tiempo de lectura\" \/>\n\t<meta name=\"twitter:data1\" content=\"6 minutos\" \/>\n<!-- \/ Yoast SEO plugin. -->","yoast_head_json":{"title":"Advanced Restoration Equipment | 911 Restoration Texas Hill","description":"With rapid changes in advanced restoration equipment, techniques, we prioritize investing in the industry's best equipment. Call us today!","robots":{"index":"index","follow":"follow","max-snippet":"max-snippet:-1","max-image-preview":"max-image-preview:large","max-video-preview":"max-video-preview:-1"},"canonical":"https:\/\/www.911restorationtexashillcountry.com\/es\/about-911-restoration\/advanced-restoration-equipment\/","twitter_misc":{"Tiempo de lectura":"6 minutos"},"schema":{"@context":"https:\/\/schema.org","@graph":[{"@type":"WebPage","@id":"https:\/\/www.911restorationtexashillcountry.com\/about-911-restoration\/advanced-restoration-equipment\/","url":"https:\/\/www.911restorationtexashillcountry.com\/about-911-restoration\/advanced-restoration-equipment\/","name":"Advanced Restoration Equipment | 911 Restoration Texas Hill","isPartOf":{"@id":"https:\/\/www.911restorationtexashillcountry.com\/#website"},"primaryImageOfPage":{"@id":"https:\/\/www.911restorationtexashillcountry.com\/about-911-restoration\/advanced-restoration-equipment\/#primaryimage"},"image":{"@id":"https:\/\/www.911restorationtexashillcountry.com\/about-911-restoration\/advanced-restoration-equipment\/#primaryimage"},"thumbnailUrl":"https:\/\/www.911restorationtexashillcountry.com\/wp-content\/uploads\/2020\/02\/commercial-restoration-banner.jpg","datePublished":"2023-10-02T14:25:41+00:00","dateModified":"2023-10-02T15:24:07+00:00","description":"With rapid changes in advanced restoration equipment, techniques, we prioritize investing in the industry's best equipment. Call us today!","breadcrumb":{"@id":"https:\/\/www.911restorationtexashillcountry.com\/about-911-restoration\/advanced-restoration-equipment\/#breadcrumb"},"inLanguage":"es","potentialAction":[{"@type":"ReadAction","target":["https:\/\/www.911restorationtexashillcountry.com\/about-911-restoration\/advanced-restoration-equipment\/"]}]},{"@type":"ImageObject","inLanguage":"es","@id":"https:\/\/www.911restorationtexashillcountry.com\/about-911-restoration\/advanced-restoration-equipment\/#primaryimage","url":"https:\/\/www.911restorationtexashillcountry.com\/wp-content\/uploads\/2020\/02\/commercial-restoration-banner.jpg","contentUrl":"https:\/\/www.911restorationtexashillcountry.com\/wp-content\/uploads\/2020\/02\/commercial-restoration-banner.jpg","width":1200,"height":400,"caption":"water damage restoration banner"},{"@type":"BreadcrumbList","@id":"https:\/\/www.911restorationtexashillcountry.com\/about-911-restoration\/advanced-restoration-equipment\/#breadcrumb","itemListElement":[{"@type":"ListItem","position":1,"name":"Home","item":"https:\/\/www.911restorationtexashillcountry.com\/"},{"@type":"ListItem","position":2,"name":"About 911 Restoration of Texas Hill Country","item":"https:\/\/www.911restorationtexashillcountry.com\/about-911-restoration\/"},{"@type":"ListItem","position":3,"name":"Advanced Restoration Equipment"}]},{"@type":"WebSite","@id":"https:\/\/www.911restorationtexashillcountry.com\/#website","url":"https:\/\/www.911restorationtexashillcountry.com\/","name":"Pa\u00eds de las colinas de Texas","description":"(830) 206-0550","potentialAction":[{"@type":"SearchAction","target":{"@type":"EntryPoint","urlTemplate":"https:\/\/www.911restorationtexashillcountry.com\/?s={search_term_string}"},"query-input":{"@type":"PropertyValueSpecification","valueRequired":true,"valueName":"search_term_string"}}],"inLanguage":"es"}]}},"_links":{"self":[{"href":"https:\/\/www.911restorationtexashillcountry.com\/es\/wp-json\/wp\/v2\/pages\/3884","targetHints":{"allow":["GET"]}}],"collection":[{"href":"https:\/\/www.911restorationtexashillcountry.com\/es\/wp-json\/wp\/v2\/pages"}],"about":[{"href":"https:\/\/www.911restorationtexashillcountry.com\/es\/wp-json\/wp\/v2\/types\/page"}],"author":[{"embeddable":true,"href":"https:\/\/www.911restorationtexashillcountry.com\/es\/wp-json\/wp\/v2\/users\/2"}],"replies":[{"embeddable":true,"href":"https:\/\/www.911restorationtexashillcountry.com\/es\/wp-json\/wp\/v2\/comments?post=3884"}],"version-history":[{"count":3,"href":"https:\/\/www.911restorationtexashillcountry.com\/es\/wp-json\/wp\/v2\/pages\/3884\/revisions"}],"predecessor-version":[{"id":3896,"href":"https:\/\/www.911restorationtexashillcountry.com\/es\/wp-json\/wp\/v2\/pages\/3884\/revisions\/3896"}],"up":[{"embeddable":true,"href":"https:\/\/www.911restorationtexashillcountry.com\/es\/wp-json\/wp\/v2\/pages\/5"}],"wp:featuredmedia":[{"embeddable":true,"href":"https:\/\/www.911restorationtexashillcountry.com\/es\/wp-json\/wp\/v2\/media\/3221"}],"wp:attachment":[{"href":"https:\/\/www.911restorationtexashillcountry.com\/es\/wp-json\/wp\/v2\/media?parent=3884"}],"curies":[{"name":"wp","href":"https:\/\/api.w.org\/{rel}","templated":true}]}}