{"id":3888,"date":"2023-10-02T07:59:21","date_gmt":"2023-10-02T14:59:21","guid":{"rendered":"https:\/\/www.911restorationtexashillcountry.com\/?page_id=3888"},"modified":"2023-10-02T08:00:06","modified_gmt":"2023-10-02T15:00:06","slug":"certification-and-training","status":"publish","type":"page","link":"https:\/\/www.911restorationtexashillcountry.com\/es\/about-911-restoration\/certification-and-training\/","title":{"rendered":"Certificaci\u00f3n y Capacitaci\u00f3n"},"content":{"rendered":"<p class=\"translation-block\"><span style=\"font-weight: 400\">911 Restoration of Texas Hill Country pone un fuerte \u00e9nfasis en la certificaci\u00f3n y la capacitaci\u00f3n, reconociendo que el \u00e9xito de su negocio y la satisfacci\u00f3n de sus clientes dependen de la experiencia de sus t\u00e9cnicos. Cada miembro de su <a href=\"https:\/\/www.911restorationtexashillcountry.com\/es\/water-and-fire-damage-restoration-services-in-texas-hill-country\/\" target=\"_self\"><span style=\"color: #0000ff\">el equipo de restauraci\u00f3n de da\u00f1os por agua<\/span><\/a> se somete a una capacitaci\u00f3n rigurosa para garantizar que est\u00e9n bien equipados para manejar una amplia gama de proyectos de restauraci\u00f3n y limpieza. Esta capacitaci\u00f3n cubre tanto las habilidades t\u00e9cnicas como el servicio al cliente, lo que garantiza que los clientes no solo reciban servicios de restauraci\u00f3n de alta calidad, sino que tambi\u00e9n experimenten profesionalismo y compasi\u00f3n durante lo que puede ser un momento estresante.<\/span><\/p>\n<p><span style=\"font-weight: 400;\">La empresa cuenta con certificaciones est\u00e1ndar de la industria, como las del Instituto de Certificaci\u00f3n de Inspecci\u00f3n, Limpieza y Restauraci\u00f3n (IICRC). Estas certificaciones demuestran su compromiso de adherirse a las mejores pr\u00e1cticas y est\u00e1ndares de la industria, brindando a los clientes la tranquilidad de saber que su propiedad est\u00e1 en manos competentes. Adem\u00e1s, los t\u00e9cnicos se actualizan continuamente sobre las \u00faltimas t\u00e9cnicas y tecnolog\u00edas en la industria de la restauraci\u00f3n, lo que les permite mantenerse a la vanguardia de su campo y brindar soluciones eficientes y efectivas.<\/span><\/p>\n<p><span style=\"font-weight: 400;\">Con su dedicaci\u00f3n a la certificaci\u00f3n y la capacitaci\u00f3n continua, 911 Restoration of Texas Hill Country establece un alto est\u00e1ndar de calidad y profesionalismo en la industria de la restauraci\u00f3n. Los clientes pueden confiar en que est\u00e1n trabajando con expertos que no s\u00f3lo tienen las habilidades t\u00e9cnicas para abordar sus necesidades, sino tambi\u00e9n la empat\u00eda y las habilidades de comunicaci\u00f3n para guiarlos a trav\u00e9s del proceso de restauraci\u00f3n.<\/span><\/p>\n<h2><b>Nuestros especialistas est\u00e1n certificados y capacitados por el IICRC<\/b><\/h2>\n<p><span style=\"font-weight: 400;\">911 Restoration of Texas Hill Country se enorgullece del hecho de que todos sus especialistas est\u00e1n certificados y ampliamente capacitados por el Instituto de Certificaci\u00f3n de Inspecci\u00f3n, Limpieza y Restauraci\u00f3n (IICRC). Esta certificaci\u00f3n es ampliamente reconocida como el est\u00e1ndar de oro en la industria de la restauraci\u00f3n. Demuestra el compromiso de la empresa de garantizar que sus t\u00e9cnicos hayan recibido una capacitaci\u00f3n integral, se hayan adherido a las mejores pr\u00e1cticas de la industria y hayan utilizado las \u00faltimas t\u00e9cnicas y equipos para proyectos de restauraci\u00f3n y limpieza.<\/span><\/p>\n<p><span style=\"font-weight: 400;\">La certificaci\u00f3n IICRC cubre una amplia gama de disciplinas de restauraci\u00f3n, incluida la restauraci\u00f3n de da\u00f1os por agua, eliminaci\u00f3n de moho, restauraci\u00f3n de da\u00f1os por fuego y humo, y m\u00e1s. Esta formaci\u00f3n integral garantiza que cada especialista est\u00e9 bien equipado para manejar diversos escenarios de forma eficaz. Los clientes pueden confiar en que cuando llaman al 911 Restoration of Texas Hill Country, reciben servicios de expertos que no solo tienen conocimientos te\u00f3ricos sino tambi\u00e9n habilidades pr\u00e1cticas para abordar sus necesidades \u00fanicas de restauraci\u00f3n.<\/span><\/p>\n<p class=\"translation-block\"><span style=\"font-weight: 400\">Contando con un equipo de <a href=\"http:\/\/iicrc.org\" target=\"_self\"><span style=\"color: #0000ff\">IICRC -especialistas certificados<\/span><\/a>, la empresa puede ofrecer un alto nivel de seguridad a sus clientes. <\/span><\/p>\n<h2><b>Capacitaci\u00f3n para la certificaci\u00f3n de empleados<\/b><\/h2>\n<p class=\"translation-block\"><span style=\"font-weight: 400\">911 Restoration of Texas Hill Country pone un \u00e9nfasis primordial en la capacitaci\u00f3n de certificaci\u00f3n de los empleados como piedra angular de su compromiso de brindar servicios de restauraci\u00f3n y limpieza de primer nivel. Cada miembro de su equipo recibe una capacitaci\u00f3n de certificaci\u00f3n integral para garantizar que posee el conocimiento y las habilidades necesarios para abordar una amplia gama de proyectos de restauraci\u00f3n de manera efectiva. Esta capacitaci\u00f3n se extiende a varios aspectos del proceso de restauraci\u00f3n, incluido <a href=\"https:\/\/www.911restorationtexashillcountry.com\/es\/services\/water-damage-restoration-kendall-county\/\" target=\"_self\"><span style=\"color: #0000ff\">restauraci\u00f3n de da\u00f1os por agua<\/span><\/a>, eliminaci\u00f3n de moho, restauraci\u00f3n de da\u00f1os por fuego y humo, y m\u00e1s. <\/span><\/p>\n<p><span style=\"font-weight: 400;\">Al invertir en la certificaci\u00f3n de sus empleados, la empresa subraya su dedicaci\u00f3n a mantener los est\u00e1ndares de la industria y brindar la m\u00e1s alta calidad de servicio a sus clientes.<\/span><\/p>\n<p><span style=\"font-weight: 400;\">Adem\u00e1s de las habilidades t\u00e9cnicas, la capacitaci\u00f3n para la certificaci\u00f3n de empleados de 911 Restoration of Texas Hill Country tambi\u00e9n abarca el servicio al cliente y el profesionalismo. Los empleados est\u00e1n capacitados para brindar apoyo compasivo y emp\u00e1tico a los clientes que puedan estar pasando por situaciones angustiantes debido a da\u00f1os a la propiedad. Este enfoque hol\u00edstico garantiza que no s\u00f3lo los aspectos t\u00e9cnicos de la restauraci\u00f3n se manejen con experiencia, sino que toda la experiencia del cliente sea de comprensi\u00f3n y confiabilidad.<\/span><\/p>\n<p><span style=\"font-weight: 400;\">La empresa actualiza constantemente sus programas de formaci\u00f3n para mantenerse al d\u00eda con los avances de la industria y las mejores pr\u00e1cticas en evoluci\u00f3n. Este compromiso con la educaci\u00f3n continua garantiza que sus empleados permanezcan a la vanguardia de la industria de la restauraci\u00f3n, equipados con las \u00faltimas herramientas y t\u00e9cnicas para ofrecer soluciones eficientes, efectivas y actualizadas a sus clientes.<\/span><\/p>\n<p><span style=\"font-weight: 400;\">Los m\u00f3dulos incluyen:<\/span><\/p>\n<ul>\n<li style=\"font-weight: 400;\" aria-level=\"1\"><span style=\"font-weight: 400;\">Entrenamiento de tripulaci\u00f3n<\/span><\/li>\n<li style=\"font-weight: 400;\" aria-level=\"1\"><span style=\"font-weight: 400;\">Restauraci\u00f3n de incendios<\/span><\/li>\n<li style=\"font-weight: 400;\" aria-level=\"1\"><span style=\"font-weight: 400;\">Restauraci\u00f3n del agua<\/span><\/li>\n<li style=\"font-weight: 400;\" aria-level=\"1\"><span style=\"font-weight: 400;\">Limpieza de alfombras y tapizados<\/span><\/li>\n<\/ul>\n<h2>\u00a0<\/h2>\n<h2><b>Formaci\u00f3n en Franquicias de Restauraci\u00f3n<\/b><\/h2>\n<p class=\"translation-block\"><span style=\"font-weight: 400\">911 Restoration of Texas Hill Country pone un \u00e9nfasis significativo en la capacitaci\u00f3n de franquicias de restauraci\u00f3n como piedra angular de su compromiso con la excelencia en la industria. La empresa reconoce la importancia de equipar a los franquiciados con el conocimiento, las habilidades y los recursos que necesitan para ofrecer servicios de restauraci\u00f3n y limpieza de alta calidad. Los franquiciados se someten a programas integrales de capacitaci\u00f3n que cubren varios aspectos del negocio de restauraci\u00f3n, incluida la restauraci\u00f3n de da\u00f1os por agua, <a href=\"https:\/\/www.911restorationtexashillcountry.com\/es\/services\/mold-removal-kendall-county\/\" target=\" _self\"><span style=\"color: #0000ff\">eliminaci\u00f3n de moho<\/span><\/a>, restauraci\u00f3n de da\u00f1os por fuego y humo, y m\u00e1s. Esta capacitaci\u00f3n garantiza que cada franquicia est\u00e9 bien preparada para manejar una amplia gama de proyectos de restauraci\u00f3n de manera efectiva y de conformidad con los est\u00e1ndares de la industria.<\/span><\/p>\n<p><span style=\"font-weight: 400;\">La formaci\u00f3n en franquicias de restauraci\u00f3n de la empresa va m\u00e1s all\u00e1 de las habilidades t\u00e9cnicas; tambi\u00e9n se centra en la gesti\u00f3n empresarial y la atenci\u00f3n al cliente. Los franquiciados est\u00e1n capacitados para brindar experiencias excepcionales a los clientes ofreciendo apoyo compasivo y emp\u00e1tico durante tiempos dif\u00edciles cuando ocurren da\u00f1os a la propiedad. Este enfoque hol\u00edstico garantiza que el \u00e9xito de la franquicia no dependa \u00fanicamente de la competencia t\u00e9cnica sino tambi\u00e9n de la creaci\u00f3n de clientes satisfechos y leales.<\/span><\/p>\n<p><span style=\"font-weight: 400;\">911 Restoration of Texas Hill Country comprende la importancia del apoyo continuo a los franquiciados. Proporcionan capacitaci\u00f3n, orientaci\u00f3n y recursos continuos para ayudar a los franquiciados a tener \u00e9xito en sus mercados locales. Este compromiso de apoyo al franquiciado garantiza que cada franquicia funcione sin problemas y pueda satisfacer las necesidades \u00fanicas de su comunidad.<\/span><\/p>\n<p><span style=\"font-weight: 400;\">Est\u00e1 dirigido principalmente a nuevos propietarios de franquicias y cubre muchos temas de restauraci\u00f3n:<\/span><\/p>\n<ul>\n<li aria-level=\"1\"><a href=\"https:\/\/www.911restorationtexashillcountry.com\/es\/services\/water-damage-restoration-kendall-county\/\">Restauraci\u00f3n de da\u00f1os por agua<\/a><\/li>\n<li aria-level=\"1\"><a href=\"https:\/\/www.911restorationtexashillcountry.com\/es\/services\/sewage-backup-cleanup\/\">Limpieza de respaldo de alcantarillado<\/a><\/li>\n<li aria-level=\"1\"><a href=\"https:\/\/www.911restorationtexashillcountry.com\/es\/services\/mold-removal-kendall-county\/\">Eliminaci\u00f3n de moho<\/a><\/li>\n<li aria-level=\"1\"><a href=\"https:\/\/www.911restorationtexashillcountry.com\/es\/services\/fire-smoke-damage\/\">Restauraci\u00f3n de da\u00f1os por fuego y humo<\/a><\/li>\n<li aria-level=\"1\"><a href=\"https:\/\/www.911restorationtexashillcountry.com\/es\/services\/disaster-restoration\/\">Restauraci\u00f3n de desastres<\/a><\/li>\n<li aria-level=\"1\"><a href=\"https:\/\/www.911restorationtexashillcountry.com\/es\/services\/sanitization-cleanup-services-kendall-county\/\">Servicios de desinfecci\u00f3n<\/a><\/li>\n<li aria-level=\"1\"><a href=\"https:\/\/www.911restorationtexashillcountry.com\/es\/services\/commercial-property-damage\/\">Restauraci\u00f3n de Propiedad Comercial<\/a><\/li>\n<\/ul>\n<h2><b>Recursos de aprendizaje electr\u00f3nico<\/b><\/h2>\n<p><span style=\"font-weight: 400;\">911 Restoration of Texas Hill Country se dedica a brindar recursos de aprendizaje electr\u00f3nico de vanguardia a sus empleados y franquiciados. Reconociendo la importancia de mantenerse actualizado con las mejores pr\u00e1cticas de la industria y los avances tecnol\u00f3gicos, la empresa ofrece una plataforma integral de aprendizaje electr\u00f3nico que cubre varios aspectos de la industria de la restauraci\u00f3n. Esta plataforma incluye cursos sobre restauraci\u00f3n de da\u00f1os por agua, eliminaci\u00f3n de moho, restauraci\u00f3n de da\u00f1os por fuego y humo, y m\u00e1s. Al aprovechar los recursos de aprendizaje electr\u00f3nico, los empleados y franquiciados pueden acceder a materiales de capacitaci\u00f3n cuando les resulte conveniente, lo que permite flexibilidad en su proceso de aprendizaje.<\/span><\/p>\n<p><span style=\"font-weight: 400;\">Una de las ventajas clave del aprendizaje electr\u00f3nico es que permite a las personas aprender a su propio ritmo. Este enfoque es particularmente beneficioso para los empleados y franquiciados que pueden tener distintos niveles de experiencia y conocimientos. Pueden revisar m\u00f3dulos o temas espec\u00edficos seg\u00fan sea necesario, asegur\u00e1ndose de tener una comprensi\u00f3n profunda del tema. Este enfoque personalizado de aprendizaje ayuda a las personas a convertirse en profesionales de la restauraci\u00f3n integrales.<\/span><\/p>\n<p>\u00a0<\/p>\n<p><br \/><br \/><br \/><br \/><\/p>\n<p><br \/><br \/><\/p>","protected":false},"excerpt":{"rendered":"<p>911 Restoration of Texas Hill Country places a strong emphasis on certification and training, recognizing that the success of their business and the satisfaction of their customers depend on the expertise of their technicians. Each member of their water damage restoration team undergoes rigorous training to ensure they are well-equipped to handle a wide range [&hellip;]<\/p>\n","protected":false},"author":2,"featured_media":3221,"parent":5,"menu_order":0,"comment_status":"closed","ping_status":"closed","template":"","meta":{"_acf_changed":false,"footnotes":""},"class_list":["post-3888","page","type-page","status-publish","has-post-thumbnail","hentry"],"acf":[],"yoast_head":"<!-- This site is optimized with the Yoast SEO plugin v26.8 - https:\/\/yoast.com\/product\/yoast-seo-wordpress\/ -->\n<title>Certification and Training | 911 Restoration of Texas Hill Country<\/title>\n<meta name=\"description\" content=\"Learn about how our technicians receive certification and training by IICRC and the importance of hiring a certified restoration company.\" \/>\n<meta name=\"robots\" content=\"index, follow, max-snippet:-1, max-image-preview:large, max-video-preview:-1\" \/>\n<link rel=\"canonical\" href=\"https:\/\/www.911restorationtexashillcountry.com\/es\/about-911-restoration\/certification-and-training\/\" \/>\n<meta name=\"twitter:label1\" content=\"Tiempo de lectura\" \/>\n\t<meta name=\"twitter:data1\" content=\"1 minuto\" \/>\n<!-- \/ Yoast SEO plugin. -->","yoast_head_json":{"title":"Certification and Training | 911 Restoration of Texas Hill Country","description":"Learn about how our technicians receive certification and training by IICRC and the importance of hiring a certified restoration company.","robots":{"index":"index","follow":"follow","max-snippet":"max-snippet:-1","max-image-preview":"max-image-preview:large","max-video-preview":"max-video-preview:-1"},"canonical":"https:\/\/www.911restorationtexashillcountry.com\/es\/about-911-restoration\/certification-and-training\/","twitter_misc":{"Tiempo de lectura":"1 minuto"},"schema":{"@context":"https:\/\/schema.org","@graph":[{"@type":"WebPage","@id":"https:\/\/www.911restorationtexashillcountry.com\/about-911-restoration\/certification-and-training\/","url":"https:\/\/www.911restorationtexashillcountry.com\/about-911-restoration\/certification-and-training\/","name":"Certification and Training | 911 Restoration of Texas Hill Country","isPartOf":{"@id":"https:\/\/www.911restorationtexashillcountry.com\/#website"},"primaryImageOfPage":{"@id":"https:\/\/www.911restorationtexashillcountry.com\/about-911-restoration\/certification-and-training\/#primaryimage"},"image":{"@id":"https:\/\/www.911restorationtexashillcountry.com\/about-911-restoration\/certification-and-training\/#primaryimage"},"thumbnailUrl":"https:\/\/www.911restorationtexashillcountry.com\/wp-content\/uploads\/2020\/02\/commercial-restoration-banner.jpg","datePublished":"2023-10-02T14:59:21+00:00","dateModified":"2023-10-02T15:00:06+00:00","description":"Learn about how our technicians receive certification and training by IICRC and the importance of hiring a certified restoration company.","breadcrumb":{"@id":"https:\/\/www.911restorationtexashillcountry.com\/about-911-restoration\/certification-and-training\/#breadcrumb"},"inLanguage":"es","potentialAction":[{"@type":"ReadAction","target":["https:\/\/www.911restorationtexashillcountry.com\/about-911-restoration\/certification-and-training\/"]}]},{"@type":"ImageObject","inLanguage":"es","@id":"https:\/\/www.911restorationtexashillcountry.com\/about-911-restoration\/certification-and-training\/#primaryimage","url":"https:\/\/www.911restorationtexashillcountry.com\/wp-content\/uploads\/2020\/02\/commercial-restoration-banner.jpg","contentUrl":"https:\/\/www.911restorationtexashillcountry.com\/wp-content\/uploads\/2020\/02\/commercial-restoration-banner.jpg","width":1200,"height":400,"caption":"water damage restoration banner"},{"@type":"BreadcrumbList","@id":"https:\/\/www.911restorationtexashillcountry.com\/about-911-restoration\/certification-and-training\/#breadcrumb","itemListElement":[{"@type":"ListItem","position":1,"name":"Home","item":"https:\/\/www.911restorationtexashillcountry.com\/"},{"@type":"ListItem","position":2,"name":"About 911 Restoration of Texas Hill Country","item":"https:\/\/www.911restorationtexashillcountry.com\/about-911-restoration\/"},{"@type":"ListItem","position":3,"name":"Certification and Training"}]},{"@type":"WebSite","@id":"https:\/\/www.911restorationtexashillcountry.com\/#website","url":"https:\/\/www.911restorationtexashillcountry.com\/","name":"Pa\u00eds de las colinas de Texas","description":"(830) 206-0550","potentialAction":[{"@type":"SearchAction","target":{"@type":"EntryPoint","urlTemplate":"https:\/\/www.911restorationtexashillcountry.com\/?s={search_term_string}"},"query-input":{"@type":"PropertyValueSpecification","valueRequired":true,"valueName":"search_term_string"}}],"inLanguage":"es"}]}},"_links":{"self":[{"href":"https:\/\/www.911restorationtexashillcountry.com\/es\/wp-json\/wp\/v2\/pages\/3888","targetHints":{"allow":["GET"]}}],"collection":[{"href":"https:\/\/www.911restorationtexashillcountry.com\/es\/wp-json\/wp\/v2\/pages"}],"about":[{"href":"https:\/\/www.911restorationtexashillcountry.com\/es\/wp-json\/wp\/v2\/types\/page"}],"author":[{"embeddable":true,"href":"https:\/\/www.911restorationtexashillcountry.com\/es\/wp-json\/wp\/v2\/users\/2"}],"replies":[{"embeddable":true,"href":"https:\/\/www.911restorationtexashillcountry.com\/es\/wp-json\/wp\/v2\/comments?post=3888"}],"version-history":[{"count":4,"href":"https:\/\/www.911restorationtexashillcountry.com\/es\/wp-json\/wp\/v2\/pages\/3888\/revisions"}],"predecessor-version":[{"id":3893,"href":"https:\/\/www.911restorationtexashillcountry.com\/es\/wp-json\/wp\/v2\/pages\/3888\/revisions\/3893"}],"up":[{"embeddable":true,"href":"https:\/\/www.911restorationtexashillcountry.com\/es\/wp-json\/wp\/v2\/pages\/5"}],"wp:featuredmedia":[{"embeddable":true,"href":"https:\/\/www.911restorationtexashillcountry.com\/es\/wp-json\/wp\/v2\/media\/3221"}],"wp:attachment":[{"href":"https:\/\/www.911restorationtexashillcountry.com\/es\/wp-json\/wp\/v2\/media?parent=3888"}],"curies":[{"name":"wp","href":"https:\/\/api.w.org\/{rel}","templated":true}]}}