{"id":3894,"date":"2023-10-02T08:23:34","date_gmt":"2023-10-02T15:23:34","guid":{"rendered":"https:\/\/www.911restorationtexashillcountry.com\/?page_id=3894"},"modified":"2023-10-02T08:23:46","modified_gmt":"2023-10-02T15:23:46","slug":"emergency-disaster-response","status":"publish","type":"page","link":"https:\/\/www.911restorationtexashillcountry.com\/es\/about-911-restoration\/emergency-disaster-response\/","title":{"rendered":"Respuesta de emergencia ante desastres"},"content":{"rendered":"<p class=\"translation-block\"><span style=\"font-weight: 400\">Cuando ocurre un desastre, ya sea una repentina explosi\u00f3n de una tuber\u00eda que inunda su casa o una tormenta devastadora que causa estragos, necesita un socio de confianza que lo ayude a recoger los pedazos y restaurar su vida. Ese socio es 911 Restoration of Texas Hill Country. Con un compromiso con la excelencia y un equipo de profesionales altamente capacitados, esta empresa de restauraci\u00f3n es su recurso de referencia para todos <a href=\"https:\/\/www.911restorationtexashillcountry.com\/es\/services\/disaster-restoration\/\" target=\"_self\"><span style=\"color: #0000ff\">emergencias relacionadas con desastres<\/span><\/a> en la regi\u00f3n de Texas Hill Country. Entienden el costo emocional y financiero que los desastres pueden cobrar a los propietarios de viviendas y empresas, y su misi\u00f3n es brindar no solo restauraci\u00f3n sino tambi\u00e9n tranquilidad.<\/span><\/p>\n<h3><b>Servicios integrales de respuesta a desastres<\/b><\/h3>\n<p class=\"translation-block\"><span style=\"font-weight: 400\">911 Restoration of Texas Hill Country ofrece una amplia gama de servicios para abordar diversos escenarios de desastre. De <a href=\"https:\/\/www.911restorationtexashillcountry.com\/es\/services\/water-damage-restoration-kendall-county\/\" target=\"_self\"><span style=\"color: #0000ff\">restauraci\u00f3n de da\u00f1os por agua <\/span><\/a> y desde la eliminaci\u00f3n de moho hasta la limpieza de da\u00f1os por incendios y la planificaci\u00f3n de la recuperaci\u00f3n ante desastres, tienen la experiencia para encargarse de todo. Sus t\u00e9cnicos est\u00e1n certificados y equipados con herramientas de \u00faltima generaci\u00f3n, lo que garantiza que puedan responder con prontitud a cualquier crisis, 24 horas al d\u00eda, 7 d\u00edas a la semana. Lo que los distingue es su compromiso de ir m\u00e1s all\u00e1 de la restauraci\u00f3n b\u00e1sica. Su objetivo es restaurar no s\u00f3lo su propiedad sino tambi\u00e9n su sensaci\u00f3n de seguridad y bienestar, lo que los convierte en algo m\u00e1s que un simple equipo de limpieza; son un verdadero sistema de apoyo en momentos de angustia.<\/span><\/p>\n<h3><b>Expertas locales con un toque personal<\/b><\/h3>\n<p><span style=\"font-weight: 400;\">Una de las caracter\u00edsticas destacadas de 911 Restoration of Texas Hill Country es su profunda conexi\u00f3n con la comunidad local. Entienden los desaf\u00edos \u00fanicos y los patrones clim\u00e1ticos de la regi\u00f3n de Hill Country, lo que les permite adaptar sus estrategias de respuesta a desastres en consecuencia. Esta experiencia local les permite brindar un toque personal, tratando a cada cliente como a un vecino necesitado. Su enfoque compasivo, junto con su competencia t\u00e9cnica, garantiza que pueda confiarles la recuperaci\u00f3n de su hogar o negocio, sabiendo que est\u00e1 en las manos capaces del confiable equipo de respuesta a desastres de su comunidad.<\/span><\/p>\n<h2><b>Equipos certificados de respuesta a emergencias a su servicio<img loading=\"lazy\" decoding=\"async\" class=\"wp-image-3747 size-full alignright\" src=\"https:\/\/www.911restorationtexashillcountry.com\/wp-content\/uploads\/2022\/06\/911Restoration-residential-water-repair-300x200-1-1.jpg\" alt=\"commercial restoration equipment kendall county\" width=\"300\" height=\"200\" \/><\/b><\/h2>\n<p><span style=\"font-weight: 400;\">Cuando ocurre un desastre, necesita estar seguro de que los profesionales que acuden en su ayuda no s\u00f3lo tienen buenas intenciones sino que tambi\u00e9n est\u00e1n altamente capacitados y certificados en sus respectivos campos. En 911 Restoration of Texas Hill Country, puede estar tranquilo sabiendo que hay equipos certificados de respuesta a emergencias a su servicio. Sus t\u00e9cnicos se someten a rigurosos procesos de capacitaci\u00f3n y certificaci\u00f3n, lo que garantiza que est\u00e9n bien preparados para manejar incluso los escenarios de desastre m\u00e1s desafiantes. Este compromiso con la excelencia los distingue como una opci\u00f3n confiable y confiable para la recuperaci\u00f3n de desastres en Texas Hill Country.<\/span><\/p>\n<p><span style=\"font-weight: 400;\">Estos equipos certificados de respuesta a emergencias est\u00e1n equipados para abordar una amplia gama de emergencias, desde da\u00f1os por agua e infestaciones de moho hasta da\u00f1os por incendio y humo. Se mantienen actualizados con las \u00faltimas mejores pr\u00e1cticas de la industria y utilizan equipos de \u00faltima generaci\u00f3n para brindar soluciones eficientes y efectivas. Esta dedicaci\u00f3n a la educaci\u00f3n y capacitaci\u00f3n continua garantiza que puedan adaptarse al campo en constante evoluci\u00f3n de la restauraci\u00f3n y mitigaci\u00f3n de desastres, brindando resultados que cumplen o superan los est\u00e1ndares de la industria. Cuando llama al 911 Restoration of Texas Hill Country, puede estar seguro de que recibir\u00e1 la experiencia de profesionales certificados comprometidos con la restauraci\u00f3n de su propiedad y su tranquilidad.<\/span><\/p>\n<h2><b>Trabajar en colaboraci\u00f3n con su proveedor de seguros<\/b><\/h2>\n<p><span style=\"font-weight: 400;\">Lidiar con las secuelas de un desastre puede ser incre\u00edblemente estresante, y afrontar las complejidades de las reclamaciones de seguros puede a\u00f1adir una capa adicional de ansiedad. Aqu\u00ed es donde realmente brilla la Restauraci\u00f3n 911 de Texas Hill Country. Entienden la importancia de una colaboraci\u00f3n perfecta con su proveedor de seguros y son expertos en trabajar con compa\u00f1\u00edas de seguros para garantizar un proceso de reclamaciones eficiente y sin problemas. Su equipo puede ayudarlo a documentar los da\u00f1os, brindarle la informaci\u00f3n necesaria y negociar en su nombre para maximizar la cobertura de su seguro.<\/span><\/p>\n<p><span style=\"font-weight: 400;\">Adem\u00e1s, la experiencia de 911 Restoration of Texas Hill Country al trabajar con varias compa\u00f1\u00edas de seguros les permite hablar el idioma de las aseguradoras. Conocen los protocolos, requisitos y plazos que suelen exigir los proveedores de seguros. Al tener este conocimiento, pueden acelerar su reclamo, asegurando que reciba el apoyo financiero que merece para recuperar y restaurar su propiedad. Este enfoque colaborativo no s\u00f3lo alivia su carga durante un momento dif\u00edcil, sino que tambi\u00e9n garantiza que su proyecto de restauraci\u00f3n avance sin demoras innecesarias.<\/span><\/p>\n<p><span style=\"font-weight: 400;\">Su compromiso con la transparencia y la comunicaci\u00f3n abierta significa que usted nunca se quedar\u00e1 a oscuras cuando se trata de su reclamo de seguro. Lo mantendr\u00e1n informado en cada paso, brind\u00e1ndole claridad y orientaci\u00f3n para ayudarlo a tomar decisiones informadas. Este nivel de apoyo y colaboraci\u00f3n entre usted, 911 Restoration of Texas Hill Country y su proveedor de seguros es invaluable y le ofrece la tranquilidad de saber que sus intereses est\u00e1n protegidos durante todo el proceso de restauraci\u00f3n.<\/span><\/p>\n<h2><b>Respuesta ante desastres disponible  \u00a124\/7\/365!<\/b><\/h2>\n<p class=\"translation-block\"><span style=\"font-weight: 400\">Las emergencias no siguen un cronograma, y nuestro <a href=\"http:\/\/iicrc.org\" target=\"_self\"><span>Expertos certificados por IICRC<\/span><\/a> en 911 Restoration of Texas Hill Country. Su compromiso inquebrantable de estar disponibles las 24 horas del d\u00eda, los 7 d\u00edas de la semana, los 365 d\u00edas del a\u00f1o, los distingue como un equipo de respuesta a desastres confiable y dedicado. Cuando ocurre un desastre, ya sea en medio de la noche, en un d\u00eda festivo o durante un fin de semana, puede contar con ellos para responder su llamada con prontitud. Marque <a href=\"tel:(830) 206-0550\" target=\"_self\"><span style=\"color: #0000ff\">(830) 206-0550<\/span><\/a>, su l\u00ednea directa de emergencia y enviar\u00e1n su equipo de expertos a su ubicaci\u00f3n sin demora.<\/span><\/p>\n<p class=\"translation-block\"><span style=\"font-weight: 400\">Esta disponibilidad las 24 horas del d\u00eda es crucial porque las primeras horas despu\u00e9s de un desastre suelen ser las m\u00e1s cr\u00edticas. Ya sea que se trate de un <a href=\"https:\/\/www.911restorationtexashillcountry.com\/es\/water-and-fire-damage-restoration-services-in-texas-hill-country\/\" target=\"_self\"><span style=\"color: #0000ff\">emergencia por agua, da\u00f1os por incendio<\/span><\/a> o infestaci\u00f3n de moho, es necesaria una acci\u00f3n inmediata para minimizar los da\u00f1os y prevenir complicaciones adicionales. 911 Restoration of Texas Hill Country comprende la urgencia de estas situaciones y se compromete a brindar una respuesta r\u00e1pida y eficiente ante desastres, garantizando que su propiedad est\u00e9 en camino a la recuperaci\u00f3n lo antes posible.<\/span><\/p>\n<p><span style=\"font-weight: 400;\">declaraci\u00f3n de su dedicaci\u00f3n al servicio de la comunidad de Texas Hill Country. Reconocen que las emergencias pueden ocurrir en cualquier momento y su disposici\u00f3n para responder en todo momento refleja su compromiso de estar ah\u00ed para sus vecinos cuando m\u00e1s lo necesitan. Ya sea un fin de semana, un d\u00eda festivo o en mitad de la noche, puede confiar en que 911 Restoration of Texas Hill Country ser\u00e1 su socio confiable en respuesta a desastres.<\/span><\/p>\n<p>\u00a0<\/p>","protected":false},"excerpt":{"rendered":"<p>When disaster strikes, whether it&#8217;s a sudden burst pipe flooding your home or a devastating storm wreaking havoc, you need a trusted partner to help you pick up the pieces and restore your life. That partner is 911 Restoration of Texas Hill Country. With a commitment to excellence and a team of highly skilled professionals, [&hellip;]<\/p>\n","protected":false},"author":2,"featured_media":3221,"parent":5,"menu_order":0,"comment_status":"closed","ping_status":"closed","template":"","meta":{"_acf_changed":false,"footnotes":""},"class_list":["post-3894","page","type-page","status-publish","has-post-thumbnail","hentry"],"acf":[],"yoast_head":"<!-- This site is optimized with the Yoast SEO plugin v26.8 - https:\/\/yoast.com\/product\/yoast-seo-wordpress\/ -->\n<title>Emergency Disaster Response - 911 Restoration Texas Hill Country<\/title>\n<meta name=\"description\" content=\"Learn all about how we can help in any emergency disaster response to serve our customers and give your property a Fresh Start!\" \/>\n<meta name=\"robots\" content=\"index, follow, max-snippet:-1, max-image-preview:large, max-video-preview:-1\" \/>\n<link rel=\"canonical\" href=\"https:\/\/www.911restorationtexashillcountry.com\/es\/about-911-restoration\/emergency-disaster-response\/\" \/>\n<meta name=\"twitter:label1\" content=\"Tiempo de lectura\" \/>\n\t<meta name=\"twitter:data1\" content=\"5 minutos\" \/>\n<!-- \/ Yoast SEO plugin. -->","yoast_head_json":{"title":"Emergency Disaster Response - 911 Restoration Texas Hill Country","description":"Learn all about how we can help in any emergency disaster response to serve our customers and give your property a Fresh Start!","robots":{"index":"index","follow":"follow","max-snippet":"max-snippet:-1","max-image-preview":"max-image-preview:large","max-video-preview":"max-video-preview:-1"},"canonical":"https:\/\/www.911restorationtexashillcountry.com\/es\/about-911-restoration\/emergency-disaster-response\/","twitter_misc":{"Tiempo de lectura":"5 minutos"},"schema":{"@context":"https:\/\/schema.org","@graph":[{"@type":"WebPage","@id":"https:\/\/www.911restorationtexashillcountry.com\/about-911-restoration\/emergency-disaster-response\/","url":"https:\/\/www.911restorationtexashillcountry.com\/about-911-restoration\/emergency-disaster-response\/","name":"Emergency Disaster Response - 911 Restoration Texas Hill Country","isPartOf":{"@id":"https:\/\/www.911restorationtexashillcountry.com\/#website"},"primaryImageOfPage":{"@id":"https:\/\/www.911restorationtexashillcountry.com\/about-911-restoration\/emergency-disaster-response\/#primaryimage"},"image":{"@id":"https:\/\/www.911restorationtexashillcountry.com\/about-911-restoration\/emergency-disaster-response\/#primaryimage"},"thumbnailUrl":"https:\/\/www.911restorationtexashillcountry.com\/wp-content\/uploads\/2020\/02\/commercial-restoration-banner.jpg","datePublished":"2023-10-02T15:23:34+00:00","dateModified":"2023-10-02T15:23:46+00:00","description":"Learn all about how we can help in any emergency disaster response to serve our customers and give your property a Fresh Start!","breadcrumb":{"@id":"https:\/\/www.911restorationtexashillcountry.com\/about-911-restoration\/emergency-disaster-response\/#breadcrumb"},"inLanguage":"es","potentialAction":[{"@type":"ReadAction","target":["https:\/\/www.911restorationtexashillcountry.com\/about-911-restoration\/emergency-disaster-response\/"]}]},{"@type":"ImageObject","inLanguage":"es","@id":"https:\/\/www.911restorationtexashillcountry.com\/about-911-restoration\/emergency-disaster-response\/#primaryimage","url":"https:\/\/www.911restorationtexashillcountry.com\/wp-content\/uploads\/2020\/02\/commercial-restoration-banner.jpg","contentUrl":"https:\/\/www.911restorationtexashillcountry.com\/wp-content\/uploads\/2020\/02\/commercial-restoration-banner.jpg","width":1200,"height":400,"caption":"water damage restoration banner"},{"@type":"BreadcrumbList","@id":"https:\/\/www.911restorationtexashillcountry.com\/about-911-restoration\/emergency-disaster-response\/#breadcrumb","itemListElement":[{"@type":"ListItem","position":1,"name":"Home","item":"https:\/\/www.911restorationtexashillcountry.com\/"},{"@type":"ListItem","position":2,"name":"About 911 Restoration of Texas Hill Country","item":"https:\/\/www.911restorationtexashillcountry.com\/about-911-restoration\/"},{"@type":"ListItem","position":3,"name":"Emergency Disaster Response"}]},{"@type":"WebSite","@id":"https:\/\/www.911restorationtexashillcountry.com\/#website","url":"https:\/\/www.911restorationtexashillcountry.com\/","name":"Pa\u00eds de las colinas de Texas","description":"(830) 206-0550","potentialAction":[{"@type":"SearchAction","target":{"@type":"EntryPoint","urlTemplate":"https:\/\/www.911restorationtexashillcountry.com\/?s={search_term_string}"},"query-input":{"@type":"PropertyValueSpecification","valueRequired":true,"valueName":"search_term_string"}}],"inLanguage":"es"}]}},"_links":{"self":[{"href":"https:\/\/www.911restorationtexashillcountry.com\/es\/wp-json\/wp\/v2\/pages\/3894","targetHints":{"allow":["GET"]}}],"collection":[{"href":"https:\/\/www.911restorationtexashillcountry.com\/es\/wp-json\/wp\/v2\/pages"}],"about":[{"href":"https:\/\/www.911restorationtexashillcountry.com\/es\/wp-json\/wp\/v2\/types\/page"}],"author":[{"embeddable":true,"href":"https:\/\/www.911restorationtexashillcountry.com\/es\/wp-json\/wp\/v2\/users\/2"}],"replies":[{"embeddable":true,"href":"https:\/\/www.911restorationtexashillcountry.com\/es\/wp-json\/wp\/v2\/comments?post=3894"}],"version-history":[{"count":1,"href":"https:\/\/www.911restorationtexashillcountry.com\/es\/wp-json\/wp\/v2\/pages\/3894\/revisions"}],"predecessor-version":[{"id":3895,"href":"https:\/\/www.911restorationtexashillcountry.com\/es\/wp-json\/wp\/v2\/pages\/3894\/revisions\/3895"}],"up":[{"embeddable":true,"href":"https:\/\/www.911restorationtexashillcountry.com\/es\/wp-json\/wp\/v2\/pages\/5"}],"wp:featuredmedia":[{"embeddable":true,"href":"https:\/\/www.911restorationtexashillcountry.com\/es\/wp-json\/wp\/v2\/media\/3221"}],"wp:attachment":[{"href":"https:\/\/www.911restorationtexashillcountry.com\/es\/wp-json\/wp\/v2\/media?parent=3894"}],"curies":[{"name":"wp","href":"https:\/\/api.w.org\/{rel}","templated":true}]}}